{"id":702,"date":"2024-08-04T19:23:25","date_gmt":"2024-08-04T19:23:25","guid":{"rendered":"https:\/\/gvu.ocl.mybluehost.me\/baja-and-california\/?page_id=702"},"modified":"2024-09-12T22:51:21","modified_gmt":"2024-09-12T22:51:21","slug":"guia-a-la-antropologia-de-baja-california","status":"publish","type":"page","link":"https:\/\/sandiegoarchaeology.org\/baja-and-california\/guia-a-la-antropologia-de-baja-california\/","title":{"rendered":"Gu\u00eda a la Antropolog\u00eda de Baja California"},"content":{"rendered":"<p>Geograf\u00eda<\/p>\n<p>Arqueolog\u00eda Prehist\u00f3rica<\/p>\n<p>Antropolog\u00eda Cultural<\/p>\n<p>Lenguas Abor\u00edgenes<\/p>\n<p>Antropolog\u00eda F\u00edsica<\/p>\n<p>Historia<\/p>\n","protected":false},"excerpt":{"rendered":"<p>Geograf\u00eda Arqueolog\u00eda Prehist\u00f3rica Antropolog\u00eda Cultural Lenguas Abor\u00edgenes Antropolog\u00eda F\u00edsica Historia<\/p>\n","protected":false},"author":1,"featured_media":0,"parent":0,"menu_order":0,"comment_status":"closed","ping_status":"closed","template":"","meta":{"nf_dc_page":"","footnotes":""},"class_list":["post-702","page","type-page","status-publish","hentry"],"yoast_head":"<!-- This site is optimized with the Yoast SEO plugin v27.4 - https:\/\/yoast.com\/product\/yoast-seo-wordpress\/ -->\n<title>Gu\u00eda a la Antropolog\u00eda de Baja California - Baja California and Southern California<\/title>\n<meta name=\"description\" content=\"Gu\u00eda a la Antropolog\u00eda de Baja California\" \/>\n<meta name=\"robots\" content=\"index, follow, max-snippet:-1, max-image-preview:large, max-video-preview:-1\" \/>\n<link rel=\"canonical\" href=\"https:\/\/sandiegoarchaeology.org\/baja-and-california\/guia-a-la-antropologia-de-baja-california\/\" \/>\n<meta property=\"og:locale\" content=\"en_US\" \/>\n<meta property=\"og:type\" content=\"article\" \/>\n<meta property=\"og:title\" content=\"Gu\u00eda a la Antropolog\u00eda de Baja California - Baja California and Southern California\" \/>\n<meta property=\"og:description\" content=\"Gu\u00eda a la Antropolog\u00eda de Baja California\" \/>\n<meta property=\"og:url\" content=\"https:\/\/sandiegoarchaeology.org\/baja-and-california\/guia-a-la-antropologia-de-baja-california\/\" \/>\n<meta property=\"og:site_name\" content=\"Baja California and Southern California\" \/>\n<meta property=\"article:publisher\" content=\"https:\/\/www.facebook.com\/SDArchCenter\/\" \/>\n<meta property=\"article:modified_time\" content=\"2024-09-12T22:51:21+00:00\" \/>\n<meta name=\"twitter:card\" content=\"summary_large_image\" \/>\n<meta name=\"twitter:label1\" content=\"Est. reading time\" \/>\n\t<meta name=\"twitter:data1\" content=\"1 minute\" \/>\n<script type=\"application\/ld+json\" class=\"yoast-schema-graph\">{\"@context\":\"https:\\\/\\\/schema.org\",\"@graph\":[{\"@type\":\"WebPage\",\"@id\":\"https:\\\/\\\/sandiegoarchaeology.org\\\/baja-and-california\\\/guia-a-la-antropologia-de-baja-california\\\/\",\"url\":\"https:\\\/\\\/sandiegoarchaeology.org\\\/baja-and-california\\\/guia-a-la-antropologia-de-baja-california\\\/\",\"name\":\"Gu\u00eda a la Antropolog\u00eda de Baja California - Baja California and Southern California\",\"isPartOf\":{\"@id\":\"https:\\\/\\\/sandiegoarchaeology.org\\\/baja-and-california\\\/#website\"},\"datePublished\":\"2024-08-04T19:23:25+00:00\",\"dateModified\":\"2024-09-12T22:51:21+00:00\",\"description\":\"Gu\u00eda a la Antropolog\u00eda de Baja California\",\"breadcrumb\":{\"@id\":\"https:\\\/\\\/sandiegoarchaeology.org\\\/baja-and-california\\\/guia-a-la-antropologia-de-baja-california\\\/#breadcrumb\"},\"inLanguage\":\"en-US\",\"potentialAction\":[{\"@type\":\"ReadAction\",\"target\":[\"https:\\\/\\\/sandiegoarchaeology.org\\\/baja-and-california\\\/guia-a-la-antropologia-de-baja-california\\\/\"]}]},{\"@type\":\"BreadcrumbList\",\"@id\":\"https:\\\/\\\/sandiegoarchaeology.org\\\/baja-and-california\\\/guia-a-la-antropologia-de-baja-california\\\/#breadcrumb\",\"itemListElement\":[{\"@type\":\"ListItem\",\"position\":1,\"name\":\"Home\",\"item\":\"https:\\\/\\\/sandiegoarchaeology.org\\\/baja-and-california\\\/\"},{\"@type\":\"ListItem\",\"position\":2,\"name\":\"Gu\u00eda a la Antropolog\u00eda de Baja California\"}]},{\"@type\":\"WebSite\",\"@id\":\"https:\\\/\\\/sandiegoarchaeology.org\\\/baja-and-california\\\/#website\",\"url\":\"https:\\\/\\\/sandiegoarchaeology.org\\\/baja-and-california\\\/\",\"name\":\"Baja and California\",\"description\":\"San Diego Archaeological Center\",\"potentialAction\":[{\"@type\":\"SearchAction\",\"target\":{\"@type\":\"EntryPoint\",\"urlTemplate\":\"https:\\\/\\\/sandiegoarchaeology.org\\\/baja-and-california\\\/?s={search_term_string}\"},\"query-input\":{\"@type\":\"PropertyValueSpecification\",\"valueRequired\":true,\"valueName\":\"search_term_string\"}}],\"inLanguage\":\"en-US\"}]}<\/script>\n<!-- \/ Yoast SEO plugin. -->","yoast_head_json":{"title":"Gu\u00eda a la Antropolog\u00eda de Baja California - Baja California and Southern California","description":"Gu\u00eda a la Antropolog\u00eda de Baja California","robots":{"index":"index","follow":"follow","max-snippet":"max-snippet:-1","max-image-preview":"max-image-preview:large","max-video-preview":"max-video-preview:-1"},"canonical":"https:\/\/sandiegoarchaeology.org\/baja-and-california\/guia-a-la-antropologia-de-baja-california\/","og_locale":"en_US","og_type":"article","og_title":"Gu\u00eda a la Antropolog\u00eda de Baja California - Baja California and Southern California","og_description":"Gu\u00eda a la Antropolog\u00eda de Baja California","og_url":"https:\/\/sandiegoarchaeology.org\/baja-and-california\/guia-a-la-antropologia-de-baja-california\/","og_site_name":"Baja California and Southern California","article_publisher":"https:\/\/www.facebook.com\/SDArchCenter\/","article_modified_time":"2024-09-12T22:51:21+00:00","twitter_card":"summary_large_image","twitter_misc":{"Est. reading time":"1 minute"},"schema":{"@context":"https:\/\/schema.org","@graph":[{"@type":"WebPage","@id":"https:\/\/sandiegoarchaeology.org\/baja-and-california\/guia-a-la-antropologia-de-baja-california\/","url":"https:\/\/sandiegoarchaeology.org\/baja-and-california\/guia-a-la-antropologia-de-baja-california\/","name":"Gu\u00eda a la Antropolog\u00eda de Baja California - Baja California and Southern California","isPartOf":{"@id":"https:\/\/sandiegoarchaeology.org\/baja-and-california\/#website"},"datePublished":"2024-08-04T19:23:25+00:00","dateModified":"2024-09-12T22:51:21+00:00","description":"Gu\u00eda a la Antropolog\u00eda de Baja California","breadcrumb":{"@id":"https:\/\/sandiegoarchaeology.org\/baja-and-california\/guia-a-la-antropologia-de-baja-california\/#breadcrumb"},"inLanguage":"en-US","potentialAction":[{"@type":"ReadAction","target":["https:\/\/sandiegoarchaeology.org\/baja-and-california\/guia-a-la-antropologia-de-baja-california\/"]}]},{"@type":"BreadcrumbList","@id":"https:\/\/sandiegoarchaeology.org\/baja-and-california\/guia-a-la-antropologia-de-baja-california\/#breadcrumb","itemListElement":[{"@type":"ListItem","position":1,"name":"Home","item":"https:\/\/sandiegoarchaeology.org\/baja-and-california\/"},{"@type":"ListItem","position":2,"name":"Gu\u00eda a la Antropolog\u00eda de Baja California"}]},{"@type":"WebSite","@id":"https:\/\/sandiegoarchaeology.org\/baja-and-california\/#website","url":"https:\/\/sandiegoarchaeology.org\/baja-and-california\/","name":"Baja and California","description":"San Diego Archaeological Center","potentialAction":[{"@type":"SearchAction","target":{"@type":"EntryPoint","urlTemplate":"https:\/\/sandiegoarchaeology.org\/baja-and-california\/?s={search_term_string}"},"query-input":{"@type":"PropertyValueSpecification","valueRequired":true,"valueName":"search_term_string"}}],"inLanguage":"en-US"}]}},"acf":[],"_links":{"self":[{"href":"https:\/\/sandiegoarchaeology.org\/baja-and-california\/wp-json\/wp\/v2\/pages\/702","targetHints":{"allow":["GET"]}}],"collection":[{"href":"https:\/\/sandiegoarchaeology.org\/baja-and-california\/wp-json\/wp\/v2\/pages"}],"about":[{"href":"https:\/\/sandiegoarchaeology.org\/baja-and-california\/wp-json\/wp\/v2\/types\/page"}],"author":[{"embeddable":true,"href":"https:\/\/sandiegoarchaeology.org\/baja-and-california\/wp-json\/wp\/v2\/users\/1"}],"replies":[{"embeddable":true,"href":"https:\/\/sandiegoarchaeology.org\/baja-and-california\/wp-json\/wp\/v2\/comments?post=702"}],"version-history":[{"count":2,"href":"https:\/\/sandiegoarchaeology.org\/baja-and-california\/wp-json\/wp\/v2\/pages\/702\/revisions"}],"predecessor-version":[{"id":1110,"href":"https:\/\/sandiegoarchaeology.org\/baja-and-california\/wp-json\/wp\/v2\/pages\/702\/revisions\/1110"}],"wp:attachment":[{"href":"https:\/\/sandiegoarchaeology.org\/baja-and-california\/wp-json\/wp\/v2\/media?parent=702"}],"curies":[{"name":"wp","href":"https:\/\/api.w.org\/{rel}","templated":true}]}}