{"id":705,"date":"2024-08-04T19:25:06","date_gmt":"2024-08-04T19:25:06","guid":{"rendered":"https:\/\/gvu.ocl.mybluehost.me\/baja-and-california\/?page_id=705"},"modified":"2024-09-12T22:48:24","modified_gmt":"2024-09-12T22:48:24","slug":"bases-de-datos","status":"publish","type":"page","link":"https:\/\/sandiegoarchaeology.org\/baja-and-california\/bases-de-datos\/","title":{"rendered":"Bases de Datos"},"content":{"rendered":"<p><strong><a href=\"https:\/\/sandiegoarchaeology.org\/baja-and-california\/toponimos-indigenas\/\">Top\u00f3nimos ind\u00edgenas<\/a><\/strong><\/p>\n<p><strong><a href=\"https:\/\/sandiegoarchaeology.org\/baja-and-california\/etnobiologia\/\">Etnobiolog\u00eda<\/a><\/strong><\/p>\n<p><strong><a href=\"https:\/\/sandiegoarchaeology.org\/baja-and-california\/fechas-de-radiocarbono\/\">Fechas de Radiocarbono<\/a><\/strong><\/p>\n<p><strong><a href=\"https:\/\/sandiegoarchaeology.org\/baja-and-california\/fuentes-e-hidratacion-de-obsidiana\/\">Fuentes e Hidraci\u00f3n de Obsidiana<\/a><\/strong><\/p>\n<p><strong><a href=\"https:\/\/sandiegoarchaeology.org\/baja-and-california\/ceramicas-prehistoricas\/\">Cer\u00e1micas Prehist\u00f3ricas<\/a><\/strong><\/p>\n<p><strong><a href=\"https:\/\/sandiegoarchaeology.org\/baja-and-california\/puntas-de-proyectil-prehistoricas\/\">Puntas de Proyectil Prehist\u00f3ricas<\/a><\/strong><\/p>\n","protected":false},"excerpt":{"rendered":"<p>Top\u00f3nimos ind\u00edgenas Etnobiolog\u00eda Fechas de Radiocarbono Fuentes e Hidraci\u00f3n de Obsidiana Cer\u00e1micas Prehist\u00f3ricas Puntas de Proyectil Prehist\u00f3ricas<\/p>\n","protected":false},"author":1,"featured_media":0,"parent":0,"menu_order":0,"comment_status":"closed","ping_status":"closed","template":"","meta":{"nf_dc_page":"","footnotes":""},"class_list":["post-705","page","type-page","status-publish","hentry"],"yoast_head":"<!-- This site is optimized with the Yoast SEO plugin v27.4 - https:\/\/yoast.com\/product\/yoast-seo-wordpress\/ -->\n<title>Bases de Datos - Baja California and Southern California<\/title>\n<meta name=\"description\" content=\"Bases de Datos, Etnobiolog\u00eda, Fechas de Radiocarbono, Fuentes e Hidraci\u00f3n de Obsidiana, Cer\u00e1micas Prehist\u00f3ricas\" \/>\n<meta name=\"robots\" content=\"index, follow, max-snippet:-1, max-image-preview:large, max-video-preview:-1\" \/>\n<link rel=\"canonical\" href=\"https:\/\/sandiegoarchaeology.org\/baja-and-california\/bases-de-datos\/\" \/>\n<meta property=\"og:locale\" content=\"en_US\" \/>\n<meta property=\"og:type\" content=\"article\" \/>\n<meta property=\"og:title\" content=\"Bases de Datos - Baja California and Southern California\" \/>\n<meta property=\"og:description\" content=\"Bases de Datos, Etnobiolog\u00eda, Fechas de Radiocarbono, Fuentes e Hidraci\u00f3n de Obsidiana, Cer\u00e1micas Prehist\u00f3ricas\" \/>\n<meta property=\"og:url\" content=\"https:\/\/sandiegoarchaeology.org\/baja-and-california\/bases-de-datos\/\" \/>\n<meta property=\"og:site_name\" content=\"Baja California and Southern California\" \/>\n<meta property=\"article:publisher\" content=\"https:\/\/www.facebook.com\/SDArchCenter\/\" \/>\n<meta property=\"article:modified_time\" content=\"2024-09-12T22:48:24+00:00\" \/>\n<meta name=\"twitter:card\" content=\"summary_large_image\" \/>\n<meta name=\"twitter:label1\" content=\"Est. reading time\" \/>\n\t<meta name=\"twitter:data1\" content=\"1 minute\" \/>\n<script type=\"application\/ld+json\" class=\"yoast-schema-graph\">{\"@context\":\"https:\\\/\\\/schema.org\",\"@graph\":[{\"@type\":\"WebPage\",\"@id\":\"https:\\\/\\\/sandiegoarchaeology.org\\\/baja-and-california\\\/bases-de-datos\\\/\",\"url\":\"https:\\\/\\\/sandiegoarchaeology.org\\\/baja-and-california\\\/bases-de-datos\\\/\",\"name\":\"Bases de Datos - Baja California and Southern California\",\"isPartOf\":{\"@id\":\"https:\\\/\\\/sandiegoarchaeology.org\\\/baja-and-california\\\/#website\"},\"datePublished\":\"2024-08-04T19:25:06+00:00\",\"dateModified\":\"2024-09-12T22:48:24+00:00\",\"description\":\"Bases de Datos, Etnobiolog\u00eda, Fechas de Radiocarbono, Fuentes e Hidraci\u00f3n de Obsidiana, Cer\u00e1micas Prehist\u00f3ricas\",\"breadcrumb\":{\"@id\":\"https:\\\/\\\/sandiegoarchaeology.org\\\/baja-and-california\\\/bases-de-datos\\\/#breadcrumb\"},\"inLanguage\":\"en-US\",\"potentialAction\":[{\"@type\":\"ReadAction\",\"target\":[\"https:\\\/\\\/sandiegoarchaeology.org\\\/baja-and-california\\\/bases-de-datos\\\/\"]}]},{\"@type\":\"BreadcrumbList\",\"@id\":\"https:\\\/\\\/sandiegoarchaeology.org\\\/baja-and-california\\\/bases-de-datos\\\/#breadcrumb\",\"itemListElement\":[{\"@type\":\"ListItem\",\"position\":1,\"name\":\"Home\",\"item\":\"https:\\\/\\\/sandiegoarchaeology.org\\\/baja-and-california\\\/\"},{\"@type\":\"ListItem\",\"position\":2,\"name\":\"Bases de Datos\"}]},{\"@type\":\"WebSite\",\"@id\":\"https:\\\/\\\/sandiegoarchaeology.org\\\/baja-and-california\\\/#website\",\"url\":\"https:\\\/\\\/sandiegoarchaeology.org\\\/baja-and-california\\\/\",\"name\":\"Baja and California\",\"description\":\"San Diego Archaeological Center\",\"potentialAction\":[{\"@type\":\"SearchAction\",\"target\":{\"@type\":\"EntryPoint\",\"urlTemplate\":\"https:\\\/\\\/sandiegoarchaeology.org\\\/baja-and-california\\\/?s={search_term_string}\"},\"query-input\":{\"@type\":\"PropertyValueSpecification\",\"valueRequired\":true,\"valueName\":\"search_term_string\"}}],\"inLanguage\":\"en-US\"}]}<\/script>\n<!-- \/ Yoast SEO plugin. -->","yoast_head_json":{"title":"Bases de Datos - Baja California and Southern California","description":"Bases de Datos, Etnobiolog\u00eda, Fechas de Radiocarbono, Fuentes e Hidraci\u00f3n de Obsidiana, Cer\u00e1micas Prehist\u00f3ricas","robots":{"index":"index","follow":"follow","max-snippet":"max-snippet:-1","max-image-preview":"max-image-preview:large","max-video-preview":"max-video-preview:-1"},"canonical":"https:\/\/sandiegoarchaeology.org\/baja-and-california\/bases-de-datos\/","og_locale":"en_US","og_type":"article","og_title":"Bases de Datos - Baja California and Southern California","og_description":"Bases de Datos, Etnobiolog\u00eda, Fechas de Radiocarbono, Fuentes e Hidraci\u00f3n de Obsidiana, Cer\u00e1micas Prehist\u00f3ricas","og_url":"https:\/\/sandiegoarchaeology.org\/baja-and-california\/bases-de-datos\/","og_site_name":"Baja California and Southern California","article_publisher":"https:\/\/www.facebook.com\/SDArchCenter\/","article_modified_time":"2024-09-12T22:48:24+00:00","twitter_card":"summary_large_image","twitter_misc":{"Est. reading time":"1 minute"},"schema":{"@context":"https:\/\/schema.org","@graph":[{"@type":"WebPage","@id":"https:\/\/sandiegoarchaeology.org\/baja-and-california\/bases-de-datos\/","url":"https:\/\/sandiegoarchaeology.org\/baja-and-california\/bases-de-datos\/","name":"Bases de Datos - Baja California and Southern California","isPartOf":{"@id":"https:\/\/sandiegoarchaeology.org\/baja-and-california\/#website"},"datePublished":"2024-08-04T19:25:06+00:00","dateModified":"2024-09-12T22:48:24+00:00","description":"Bases de Datos, Etnobiolog\u00eda, Fechas de Radiocarbono, Fuentes e Hidraci\u00f3n de Obsidiana, Cer\u00e1micas Prehist\u00f3ricas","breadcrumb":{"@id":"https:\/\/sandiegoarchaeology.org\/baja-and-california\/bases-de-datos\/#breadcrumb"},"inLanguage":"en-US","potentialAction":[{"@type":"ReadAction","target":["https:\/\/sandiegoarchaeology.org\/baja-and-california\/bases-de-datos\/"]}]},{"@type":"BreadcrumbList","@id":"https:\/\/sandiegoarchaeology.org\/baja-and-california\/bases-de-datos\/#breadcrumb","itemListElement":[{"@type":"ListItem","position":1,"name":"Home","item":"https:\/\/sandiegoarchaeology.org\/baja-and-california\/"},{"@type":"ListItem","position":2,"name":"Bases de Datos"}]},{"@type":"WebSite","@id":"https:\/\/sandiegoarchaeology.org\/baja-and-california\/#website","url":"https:\/\/sandiegoarchaeology.org\/baja-and-california\/","name":"Baja and California","description":"San Diego Archaeological Center","potentialAction":[{"@type":"SearchAction","target":{"@type":"EntryPoint","urlTemplate":"https:\/\/sandiegoarchaeology.org\/baja-and-california\/?s={search_term_string}"},"query-input":{"@type":"PropertyValueSpecification","valueRequired":true,"valueName":"search_term_string"}}],"inLanguage":"en-US"}]}},"acf":[],"_links":{"self":[{"href":"https:\/\/sandiegoarchaeology.org\/baja-and-california\/wp-json\/wp\/v2\/pages\/705","targetHints":{"allow":["GET"]}}],"collection":[{"href":"https:\/\/sandiegoarchaeology.org\/baja-and-california\/wp-json\/wp\/v2\/pages"}],"about":[{"href":"https:\/\/sandiegoarchaeology.org\/baja-and-california\/wp-json\/wp\/v2\/types\/page"}],"author":[{"embeddable":true,"href":"https:\/\/sandiegoarchaeology.org\/baja-and-california\/wp-json\/wp\/v2\/users\/1"}],"replies":[{"embeddable":true,"href":"https:\/\/sandiegoarchaeology.org\/baja-and-california\/wp-json\/wp\/v2\/comments?post=705"}],"version-history":[{"count":3,"href":"https:\/\/sandiegoarchaeology.org\/baja-and-california\/wp-json\/wp\/v2\/pages\/705\/revisions"}],"predecessor-version":[{"id":788,"href":"https:\/\/sandiegoarchaeology.org\/baja-and-california\/wp-json\/wp\/v2\/pages\/705\/revisions\/788"}],"wp:attachment":[{"href":"https:\/\/sandiegoarchaeology.org\/baja-and-california\/wp-json\/wp\/v2\/media?parent=705"}],"curies":[{"name":"wp","href":"https:\/\/api.w.org\/{rel}","templated":true}]}}