{"id":722,"date":"2024-08-04T21:02:16","date_gmt":"2024-08-04T21:02:16","guid":{"rendered":"https:\/\/gvu.ocl.mybluehost.me\/baja-and-california\/?page_id=722"},"modified":"2024-09-12T22:45:46","modified_gmt":"2024-09-12T22:45:46","slug":"geografia","status":"publish","type":"page","link":"https:\/\/sandiegoarchaeology.org\/baja-and-california\/geografia\/","title":{"rendered":"Geograf\u00eda"},"content":{"rendered":"<table border=\"0\" width=\"100%\" cellspacing=\"0\" cellpadding=\"10\">\n<tbody>\n<tr>\n<td><img loading=\"lazy\" decoding=\"async\" class=\"size-full wp-image-53 alignleft\" src=\"http:\/\/sandiegoarchaeology.org\/baja-and-california\/wp-content\/uploads\/2024\/07\/sc.jpg\" alt=\"\" width=\"200\" height=\"135\" \/>Baja California es una regi\u00f3n o una serie de regiones \u00fanicas. Plante\u00f3 tanto dificultades distintivas como oportunidades especiales para sus habitantes abor\u00edgenes.<\/p>\n<p>Ninguna otra pen\u00ednsula en el mundo es tan larga (casi 1,200 kil\u00f3metros) como angosta (cerca de 100 kil\u00f3metros). Ninguna barrera natural separa a Baja California del macizo continental de Norteam\u00e9rica hacia el norte, pero m\u00e1s de 100 kil\u00f3metros de agua turbulenta en el Mar de Cort\u00e9s largamente la aisl\u00f3 prehist\u00f3ricamente de Sonora y Sinaloa al este. Una ruptura parcial en esta barrera oriental se form\u00f3 por la serie de islas a mitad del golfo. Varias porciones de la irregular l\u00ednea costera de la <img loading=\"lazy\" decoding=\"async\" class=\"size-full wp-image-56 alignright\" src=\"http:\/\/sandiegoarchaeology.org\/baja-and-california\/wp-content\/uploads\/2024\/07\/geogmapa.gif\" alt=\"\" width=\"162\" height=\"182\" \/>pen\u00ednsula tienen enfrente a cercanas y prominentes islas, lo cual estimul\u00f3 a la gente primitiva hacia las actividades mar\u00edtimas.<\/p>\n<p>La regi\u00f3n es t\u00edpicamente un desierto, con lluvias err\u00e1ticas y dispersas, pero las altas temperaturas se mitigan con la cercan\u00eda de las costas. Tanto el noroeste como el extremo sur reciben mayor precipitaci\u00f3n que el desierto central. La aridez de la regi\u00f3n noreste, la cual yace a la sombra de lluvia de la Sierra Ju\u00e1rez, es compensada por las aguas del R\u00edo Colorado. El clima var\u00eda de norte a sur, entre un r\u00e9gimen norte\u00f1o de tormentas de invierno procedentes del Pac\u00edfico norte y tormentas tropicales de verano en el sur. Tambi\u00e9n var\u00eda de oeste a este, entre la costa del Pac\u00edfico enfriada por la Corriente de California con direcci\u00f3n sur y las aguas m\u00e1s tibias del Mar de Cort\u00e9s. Var\u00eda de acuerdo a la elevaci\u00f3n, entre planicies costeras calientes y secas, las cuales son particularmente expansivas en la costa oeste y las alturas m\u00e1s frescas y h\u00famedas de la gran\u00edtica y volc\u00e1nica cadena monta\u00f1osa.<\/p>\n<p><img loading=\"lazy\" decoding=\"async\" class=\"size-full wp-image-54 alignleft\" src=\"http:\/\/sandiegoarchaeology.org\/baja-and-california\/wp-content\/uploads\/2024\/07\/sccoast.jpg\" alt=\"\" width=\"134\" height=\"200\" \/>Se reconocen por lo menos nueve asociaciones de plantas dentro de la pen\u00ednsula. Las zonas ecol\u00f3gicas contrastantes est\u00e1n espaciadas de forma m\u00e1s cercana en los transectos de este a oeste, vinculando de esta forma a las dos costas a trav\u00e9s de las monta\u00f1as. Esta yuxtaposici\u00f3n de variabilidad natural, junto con la frecuentemente err\u00e1tica disponibilidad de agua en cualquier localidad cre\u00f3 fuertes incentivos para que los habitantes abor\u00edgenes se movieran bastante entre este y oeste o para organizar sistemas de intercambio intercomunitario, con el fin de maximizar su acceso a toda la gama de recursos de subsistencia de la regi\u00f3n. Sin embargo, muchos de los recursos vegetales clave, tales como encino, agave y pitaya, est\u00e1n presentes en varias de las diferentes comunidades vegetales, e importantes recursos faun\u00edsticos como venado y conejo tambi\u00e9n cruzan esas divisiones. Recursos espec\u00edficos de litoral costero y marinos como peces y mariscos contrastan entre la costa occidental y la oriental y quiz\u00e1s eran complementarios en la subsistencia de los migrantes transpeninsulares.<\/p>\n<p><img loading=\"lazy\" decoding=\"async\" class=\"size-full wp-image-57 alignright\" src=\"http:\/\/sandiegoarchaeology.org\/baja-and-california\/wp-content\/uploads\/2024\/07\/sanpedro.jpg\" alt=\"\" width=\"200\" height=\"131\" \/>Los ambientes prehist\u00f3ricos de Baja California no eran est\u00e1ticos, aunque se han hecho pocos estudios detallados de los paleoambientes sucesivos. Los aumentos en los niveles del mar desde el pleistoceno tard\u00edo alteraron substancialmente la ubicaci\u00f3n y configuraci\u00f3n de la l\u00ednea costera, probablemente hundiendo muchos sitios arqueol\u00f3gicos tempranos y alterando el car\u00e1cter de los recursos costeros. Los prolongados periodos de sequ\u00eda pudieron haber causado un severo estr\u00e9s para la gente nativa, aunque evidentemente la regi\u00f3n nunca fue despoblada. En el noreste, el crecimiento gradual del delta del R\u00edo Colorado y las abruptas desviaciones del cauce del r\u00edo entre las cuencas del Lago Cahuilla y la Laguna Macuata y la cabeza del golfo continuaron siendo una fuente principal de inestabilidad tan reciente como en el periodo hist\u00f3rico temprano.<\/p>\n<p><span style=\"font-size: small;\">\u00a9 2002 Don Laylander<br \/>\n(Traducido por Mois\u00e9s Santos Mena)<\/span><\/td>\n<\/tr>\n<\/tbody>\n<\/table>\n<p>&nbsp;<\/p>\n","protected":false},"excerpt":{"rendered":"<p>Baja California es una regi\u00f3n o una serie de regiones \u00fanicas. Plante\u00f3 tanto dificultades distintivas como oportunidades especiales para sus habitantes abor\u00edgenes. Ninguna otra pen\u00ednsula en el mundo es tan larga (casi 1,200 kil\u00f3metros) como angosta (cerca de 100 kil\u00f3metros). Ninguna barrera natural separa a Baja California del macizo continental de Norteam\u00e9rica hacia el norte, pero m\u00e1s de 100 kil\u00f3metros de agua turbulenta en el Mar de Cort\u00e9s largamente la aisl\u00f3 prehist\u00f3ricamente de Sonora y Sinaloa al este. Una ruptura parcial en esta barrera oriental se form\u00f3 por la serie de islas a mitad del golfo. Varias porciones de la irregular l\u00ednea costera de la pen\u00ednsula tienen enfrente a cercanas y prominentes islas, lo cual estimul\u00f3 a la gente primitiva hacia las actividades mar\u00edtimas. La regi\u00f3n es t\u00edpicamente un desierto, con lluvias err\u00e1ticas y dispersas, pero las altas temperaturas se mitigan con la cercan\u00eda de las costas. Tanto el noroeste como el extremo sur reciben mayor precipitaci\u00f3n que el desierto central. La aridez de la regi\u00f3n noreste, la cual yace a la sombra de lluvia de la Sierra Ju\u00e1rez, es compensada por las aguas del R\u00edo Colorado. El clima var\u00eda de norte a sur, entre un r\u00e9gimen norte\u00f1o de tormentas de invierno procedentes del Pac\u00edfico norte y tormentas tropicales de verano en el sur. Tambi\u00e9n var\u00eda de oeste a este, entre la costa del Pac\u00edfico enfriada por la Corriente de California con direcci\u00f3n sur y las aguas m\u00e1s tibias del Mar de Cort\u00e9s. Var\u00eda de acuerdo a la elevaci\u00f3n, entre planicies costeras calientes y secas, las cuales son particularmente expansivas en la costa oeste y las alturas m\u00e1s frescas y h\u00famedas de la gran\u00edtica y volc\u00e1nica cadena monta\u00f1osa. Se reconocen por lo menos nueve asociaciones de plantas dentro de la pen\u00ednsula. Las zonas ecol\u00f3gicas contrastantes est\u00e1n espaciadas de forma m\u00e1s cercana en los transectos de este a oeste, vinculando de esta forma a las dos costas a trav\u00e9s de las monta\u00f1as. Esta yuxtaposici\u00f3n de variabilidad natural, junto con la frecuentemente err\u00e1tica disponibilidad de agua en cualquier localidad cre\u00f3 fuertes incentivos para que los habitantes abor\u00edgenes se movieran bastante entre este y oeste o para organizar sistemas de intercambio intercomunitario, con el fin de maximizar su acceso a toda la gama de recursos de subsistencia de la regi\u00f3n. Sin embargo, muchos de los recursos vegetales clave, tales como encino, agave y pitaya, est\u00e1n presentes en varias de las diferentes comunidades vegetales, e importantes recursos faun\u00edsticos como venado y conejo tambi\u00e9n cruzan esas divisiones. Recursos espec\u00edficos de litoral costero y marinos como peces y mariscos contrastan entre la costa occidental y la oriental y quiz\u00e1s eran complementarios en la subsistencia de los migrantes transpeninsulares. Los ambientes prehist\u00f3ricos de Baja California no eran est\u00e1ticos, aunque se han hecho pocos estudios detallados de los paleoambientes sucesivos. Los aumentos en los niveles del mar desde el pleistoceno tard\u00edo alteraron substancialmente la ubicaci\u00f3n y configuraci\u00f3n de la l\u00ednea costera, probablemente hundiendo muchos sitios arqueol\u00f3gicos tempranos y alterando el car\u00e1cter de los recursos costeros. Los prolongados periodos de sequ\u00eda pudieron haber causado un severo estr\u00e9s para la gente nativa, aunque evidentemente la regi\u00f3n nunca fue despoblada. En el noreste, el crecimiento gradual del delta del R\u00edo Colorado y las abruptas desviaciones del cauce del r\u00edo entre las cuencas del Lago Cahuilla y la Laguna Macuata y la cabeza del golfo continuaron siendo una fuente principal de inestabilidad tan reciente como en el periodo hist\u00f3rico temprano. \u00a9 2002 Don Laylander (Traducido por Mois\u00e9s Santos Mena) &nbsp;<\/p>\n","protected":false},"author":1,"featured_media":0,"parent":0,"menu_order":0,"comment_status":"closed","ping_status":"closed","template":"","meta":{"nf_dc_page":"","footnotes":""},"class_list":["post-722","page","type-page","status-publish","hentry"],"yoast_head":"<!-- This site is optimized with the Yoast SEO plugin v27.4 - https:\/\/yoast.com\/product\/yoast-seo-wordpress\/ -->\n<title>Geograf\u00eda - Baja California and Southern California<\/title>\n<meta name=\"description\" content=\"Baja California es una regi\u00f3n o una serie de regiones \u00fanicas. Plante\u00f3 tanto dificultades distintivas como oportunidades especiales para sus habitantes abor\u00edgenes.\" \/>\n<meta name=\"robots\" content=\"index, follow, max-snippet:-1, max-image-preview:large, max-video-preview:-1\" \/>\n<link rel=\"canonical\" href=\"https:\/\/sandiegoarchaeology.org\/baja-and-california\/geografia\/\" \/>\n<meta property=\"og:locale\" content=\"en_US\" \/>\n<meta property=\"og:type\" content=\"article\" \/>\n<meta property=\"og:title\" content=\"Geograf\u00eda - Baja California and Southern California\" \/>\n<meta property=\"og:description\" content=\"Baja California es una regi\u00f3n o una serie de regiones \u00fanicas. Plante\u00f3 tanto dificultades distintivas como oportunidades especiales para sus habitantes abor\u00edgenes.\" \/>\n<meta property=\"og:url\" content=\"https:\/\/sandiegoarchaeology.org\/baja-and-california\/geografia\/\" \/>\n<meta property=\"og:site_name\" content=\"Baja California and Southern California\" \/>\n<meta property=\"article:publisher\" content=\"https:\/\/www.facebook.com\/SDArchCenter\/\" \/>\n<meta property=\"article:modified_time\" content=\"2024-09-12T22:45:46+00:00\" \/>\n<meta property=\"og:image\" content=\"http:\/\/sandiegoarchaeology.org\/baja-and-california\/wp-content\/uploads\/2024\/07\/sc.jpg\" \/>\n<meta name=\"twitter:card\" content=\"summary_large_image\" \/>\n<meta name=\"twitter:label1\" content=\"Est. reading time\" \/>\n\t<meta name=\"twitter:data1\" content=\"4 minutes\" \/>\n<script type=\"application\/ld+json\" class=\"yoast-schema-graph\">{\"@context\":\"https:\\\/\\\/schema.org\",\"@graph\":[{\"@type\":\"WebPage\",\"@id\":\"https:\\\/\\\/sandiegoarchaeology.org\\\/baja-and-california\\\/geografia\\\/\",\"url\":\"https:\\\/\\\/sandiegoarchaeology.org\\\/baja-and-california\\\/geografia\\\/\",\"name\":\"Geograf\u00eda - Baja California and Southern California\",\"isPartOf\":{\"@id\":\"https:\\\/\\\/sandiegoarchaeology.org\\\/baja-and-california\\\/#website\"},\"primaryImageOfPage\":{\"@id\":\"https:\\\/\\\/sandiegoarchaeology.org\\\/baja-and-california\\\/geografia\\\/#primaryimage\"},\"image\":{\"@id\":\"https:\\\/\\\/sandiegoarchaeology.org\\\/baja-and-california\\\/geografia\\\/#primaryimage\"},\"thumbnailUrl\":\"http:\\\/\\\/sandiegoarchaeology.org\\\/baja-and-california\\\/wp-content\\\/uploads\\\/2024\\\/07\\\/sc.jpg\",\"datePublished\":\"2024-08-04T21:02:16+00:00\",\"dateModified\":\"2024-09-12T22:45:46+00:00\",\"description\":\"Baja California es una regi\u00f3n o una serie de regiones \u00fanicas. Plante\u00f3 tanto dificultades distintivas como oportunidades especiales para sus habitantes abor\u00edgenes.\",\"breadcrumb\":{\"@id\":\"https:\\\/\\\/sandiegoarchaeology.org\\\/baja-and-california\\\/geografia\\\/#breadcrumb\"},\"inLanguage\":\"en-US\",\"potentialAction\":[{\"@type\":\"ReadAction\",\"target\":[\"https:\\\/\\\/sandiegoarchaeology.org\\\/baja-and-california\\\/geografia\\\/\"]}]},{\"@type\":\"ImageObject\",\"inLanguage\":\"en-US\",\"@id\":\"https:\\\/\\\/sandiegoarchaeology.org\\\/baja-and-california\\\/geografia\\\/#primaryimage\",\"url\":\"https:\\\/\\\/sandiegoarchaeology.org\\\/baja-and-california\\\/wp-content\\\/uploads\\\/2024\\\/07\\\/sc.jpg\",\"contentUrl\":\"https:\\\/\\\/sandiegoarchaeology.org\\\/baja-and-california\\\/wp-content\\\/uploads\\\/2024\\\/07\\\/sc.jpg\",\"width\":200,\"height\":135},{\"@type\":\"BreadcrumbList\",\"@id\":\"https:\\\/\\\/sandiegoarchaeology.org\\\/baja-and-california\\\/geografia\\\/#breadcrumb\",\"itemListElement\":[{\"@type\":\"ListItem\",\"position\":1,\"name\":\"Home\",\"item\":\"https:\\\/\\\/sandiegoarchaeology.org\\\/baja-and-california\\\/\"},{\"@type\":\"ListItem\",\"position\":2,\"name\":\"Geograf\u00eda\"}]},{\"@type\":\"WebSite\",\"@id\":\"https:\\\/\\\/sandiegoarchaeology.org\\\/baja-and-california\\\/#website\",\"url\":\"https:\\\/\\\/sandiegoarchaeology.org\\\/baja-and-california\\\/\",\"name\":\"Baja and California\",\"description\":\"San Diego Archaeological Center\",\"potentialAction\":[{\"@type\":\"SearchAction\",\"target\":{\"@type\":\"EntryPoint\",\"urlTemplate\":\"https:\\\/\\\/sandiegoarchaeology.org\\\/baja-and-california\\\/?s={search_term_string}\"},\"query-input\":{\"@type\":\"PropertyValueSpecification\",\"valueRequired\":true,\"valueName\":\"search_term_string\"}}],\"inLanguage\":\"en-US\"}]}<\/script>\n<!-- \/ Yoast SEO plugin. -->","yoast_head_json":{"title":"Geograf\u00eda - Baja California and Southern California","description":"Baja California es una regi\u00f3n o una serie de regiones \u00fanicas. Plante\u00f3 tanto dificultades distintivas como oportunidades especiales para sus habitantes abor\u00edgenes.","robots":{"index":"index","follow":"follow","max-snippet":"max-snippet:-1","max-image-preview":"max-image-preview:large","max-video-preview":"max-video-preview:-1"},"canonical":"https:\/\/sandiegoarchaeology.org\/baja-and-california\/geografia\/","og_locale":"en_US","og_type":"article","og_title":"Geograf\u00eda - Baja California and Southern California","og_description":"Baja California es una regi\u00f3n o una serie de regiones \u00fanicas. Plante\u00f3 tanto dificultades distintivas como oportunidades especiales para sus habitantes abor\u00edgenes.","og_url":"https:\/\/sandiegoarchaeology.org\/baja-and-california\/geografia\/","og_site_name":"Baja California and Southern California","article_publisher":"https:\/\/www.facebook.com\/SDArchCenter\/","article_modified_time":"2024-09-12T22:45:46+00:00","og_image":[{"url":"http:\/\/sandiegoarchaeology.org\/baja-and-california\/wp-content\/uploads\/2024\/07\/sc.jpg","type":"","width":"","height":""}],"twitter_card":"summary_large_image","twitter_misc":{"Est. reading time":"4 minutes"},"schema":{"@context":"https:\/\/schema.org","@graph":[{"@type":"WebPage","@id":"https:\/\/sandiegoarchaeology.org\/baja-and-california\/geografia\/","url":"https:\/\/sandiegoarchaeology.org\/baja-and-california\/geografia\/","name":"Geograf\u00eda - Baja California and Southern California","isPartOf":{"@id":"https:\/\/sandiegoarchaeology.org\/baja-and-california\/#website"},"primaryImageOfPage":{"@id":"https:\/\/sandiegoarchaeology.org\/baja-and-california\/geografia\/#primaryimage"},"image":{"@id":"https:\/\/sandiegoarchaeology.org\/baja-and-california\/geografia\/#primaryimage"},"thumbnailUrl":"http:\/\/sandiegoarchaeology.org\/baja-and-california\/wp-content\/uploads\/2024\/07\/sc.jpg","datePublished":"2024-08-04T21:02:16+00:00","dateModified":"2024-09-12T22:45:46+00:00","description":"Baja California es una regi\u00f3n o una serie de regiones \u00fanicas. Plante\u00f3 tanto dificultades distintivas como oportunidades especiales para sus habitantes abor\u00edgenes.","breadcrumb":{"@id":"https:\/\/sandiegoarchaeology.org\/baja-and-california\/geografia\/#breadcrumb"},"inLanguage":"en-US","potentialAction":[{"@type":"ReadAction","target":["https:\/\/sandiegoarchaeology.org\/baja-and-california\/geografia\/"]}]},{"@type":"ImageObject","inLanguage":"en-US","@id":"https:\/\/sandiegoarchaeology.org\/baja-and-california\/geografia\/#primaryimage","url":"https:\/\/sandiegoarchaeology.org\/baja-and-california\/wp-content\/uploads\/2024\/07\/sc.jpg","contentUrl":"https:\/\/sandiegoarchaeology.org\/baja-and-california\/wp-content\/uploads\/2024\/07\/sc.jpg","width":200,"height":135},{"@type":"BreadcrumbList","@id":"https:\/\/sandiegoarchaeology.org\/baja-and-california\/geografia\/#breadcrumb","itemListElement":[{"@type":"ListItem","position":1,"name":"Home","item":"https:\/\/sandiegoarchaeology.org\/baja-and-california\/"},{"@type":"ListItem","position":2,"name":"Geograf\u00eda"}]},{"@type":"WebSite","@id":"https:\/\/sandiegoarchaeology.org\/baja-and-california\/#website","url":"https:\/\/sandiegoarchaeology.org\/baja-and-california\/","name":"Baja and California","description":"San Diego Archaeological Center","potentialAction":[{"@type":"SearchAction","target":{"@type":"EntryPoint","urlTemplate":"https:\/\/sandiegoarchaeology.org\/baja-and-california\/?s={search_term_string}"},"query-input":{"@type":"PropertyValueSpecification","valueRequired":true,"valueName":"search_term_string"}}],"inLanguage":"en-US"}]}},"acf":[],"_links":{"self":[{"href":"https:\/\/sandiegoarchaeology.org\/baja-and-california\/wp-json\/wp\/v2\/pages\/722","targetHints":{"allow":["GET"]}}],"collection":[{"href":"https:\/\/sandiegoarchaeology.org\/baja-and-california\/wp-json\/wp\/v2\/pages"}],"about":[{"href":"https:\/\/sandiegoarchaeology.org\/baja-and-california\/wp-json\/wp\/v2\/types\/page"}],"author":[{"embeddable":true,"href":"https:\/\/sandiegoarchaeology.org\/baja-and-california\/wp-json\/wp\/v2\/users\/1"}],"replies":[{"embeddable":true,"href":"https:\/\/sandiegoarchaeology.org\/baja-and-california\/wp-json\/wp\/v2\/comments?post=722"}],"version-history":[{"count":1,"href":"https:\/\/sandiegoarchaeology.org\/baja-and-california\/wp-json\/wp\/v2\/pages\/722\/revisions"}],"predecessor-version":[{"id":723,"href":"https:\/\/sandiegoarchaeology.org\/baja-and-california\/wp-json\/wp\/v2\/pages\/722\/revisions\/723"}],"wp:attachment":[{"href":"https:\/\/sandiegoarchaeology.org\/baja-and-california\/wp-json\/wp\/v2\/media?parent=722"}],"curies":[{"name":"wp","href":"https:\/\/api.w.org\/{rel}","templated":true}]}}