{"id":725,"date":"2024-08-04T21:03:40","date_gmt":"2024-08-04T21:03:40","guid":{"rendered":"https:\/\/gvu.ocl.mybluehost.me\/baja-and-california\/?page_id=725"},"modified":"2024-09-12T22:44:40","modified_gmt":"2024-09-12T22:44:40","slug":"arqueologia-prehistorica","status":"publish","type":"page","link":"https:\/\/sandiegoarchaeology.org\/baja-and-california\/arqueologia-prehistorica\/","title":{"rendered":"Arqueolog\u00eda Prehist\u00f3rica"},"content":{"rendered":"<p><img loading=\"lazy\" decoding=\"async\" class=\"size-full wp-image-71 alignleft\" src=\"http:\/\/sandiegoarchaeology.org\/baja-and-california\/wp-content\/uploads\/2024\/07\/armpenga.gif\" alt=\"\" width=\"146\" height=\"160\" \/>La amplia prehistoria de Baja California est\u00e1 atestada por innumerables concheros a lo largo de sus costas, paredes de arte rupestre ocultas en ca\u00f1ones monta\u00f1osos, escondites para cacer\u00eda, canteras, entierros en cuevas, campamentos temporales y sitios de aldeas. Los fechamientos de radiocarbono confirman que la regi\u00f3n ha estado ocupada desde el final de la Era del Hielo, y algunas declaraciones m\u00e1s controversiales situar\u00edan la presencia humana a\u00fan antes de esa era.<\/p>\n<p>Los arque\u00f3logos pioneros intentaron organizar la informaci\u00f3n sobre la prehistoria por distinci\u00f3n de complejos o grupos de caracter\u00edsticas peculiares de periodos de tiempo particulares y de regiones geogr\u00e1ficas. Muchos de los complejos reconocidos en Baja California son extensiones de patrones que se definieron primero en alg\u00fan otro lugar del oeste de Norteam\u00e9rica, tales como el complejo San Dieguito del holoceno temprano con sus bifaciales de piedra, herramientas de raspado, y crecientes; el complejo La Jolla del holoceno medio, notable por sus extensos concheros y sus herramientas para moler semillas; los complejos sucesivos Pinto y Gypsum, los cuales contienen distintivos estilos de grandes puntas de proyectiles asociadas con adaptaciones al desierto; y el complejo Yumano del prehist\u00f3rico tard\u00edo, conteniendo cer\u00e1mica y peque\u00f1as puntas de flecha. Otros patrones son espec\u00edficos de la pen\u00ednsula, incluyendo el complejo Comond\u00fa del centro de Baja California y el complejo funerario Las Palmas en la regi\u00f3n del cabo.<\/p>\n<p>Sin duda alguna, el arte rupestre es el tipo de evidencia arqueol\u00f3gica m\u00e1s estudiada en Baja California. Los sitios de la pintura rupestre m\u00e1s conocidos son los espectaculares Grandes Murales de las monta\u00f1as del centro de la pen\u00ednsula, con sus perfiles (m\u00e1s grandes que en la vida real) de hombres y mujeres, venados y otros animales. Tambi\u00e9n se han documentado sitios de pictograf\u00edas y petrogrifos en una variedad de estilos desde Los Cabos hasta la frontera norte. Numerosos estudios han descrito estos paneles de arte rupestre, discutido sus instalaciones y asociaciones, interpretado sus t\u00e9cnicas y arreglos, han intentado descifrar sus cronolog\u00edas, y han especulado sobre sus funciones. El cuerpo de registros cuidadosos ha crecido, pero pocas interpretaciones se han establecido s\u00f3lidamente hasta ahora.<\/p>\n<p>Otros investigadores intentan entender las estrategias de subsistencia y los patrones de desplazamiento estacional entre las costas y el interior, caracter\u00edstico de varias poblaciones prehist\u00f3ricas. Los asuntos clave en los continuos estudios arqueol\u00f3gicos tambi\u00e9n incluyen la cuesti\u00f3n de si los abor\u00edgenes bajacalifornianos eran muy &#8220;primitivos,&#8221;como lo sugirieron los primeros observadores, o si desarrollaron adaptaciones elaboradas y exitosas a un excepcionalmente desafiante ambiente; si sus estilos de vida permanecieron estables en lo general, o si cambiaron a trav\u00e9s de la prehistoria; y si varias porciones de la pen\u00ednsula recibieron influencia importante del exterior, o si estaban esencialmente aisladas.<\/p>\n<p>En comparaci\u00f3n con algunas otras regiones, solo una limitada cantidad de trabajo se ha completado hasta ahora para inventariar e interpretar los sitios arqueol\u00f3gicos de Baja California. Sin embargo, en a\u00f1os recientes ha habido un considerable crecimiento en los estudios realizados por investigadores mexicanos e internacionales. Para revisar estudios hasta los a\u00f1os ochenta, vea Garc\u00eda Uranga 1988 y Laylander 1992 en la Bibliograf\u00eda. Para revisar algunas de las investigaciones m\u00e1s extensas, vea los informes de Harry Crosby, Barbro Dahlgren, Emma Lou Davis, L\u00e9on Diguet, Harumi Fujita, Mar\u00eda de la Luz Guti\u00e9rrez, Enrique Hambleton, Justin R. Hyland, Ken Hedges, William C. Massey, Clement W. Meighan, Jerry Moore, Eric W. Ritter, y Donald R. Tuohy.<\/p>\n<p>\u00a9 2002 Don Laylander<br \/>\n<span style=\"font-size: small;\">(Traducido por Mois\u00e9s Santos Mena)<\/span><\/p>\n","protected":false},"excerpt":{"rendered":"<p>La amplia prehistoria de Baja California est\u00e1 atestada por innumerables concheros a lo largo de sus costas, paredes de arte rupestre ocultas en ca\u00f1ones monta\u00f1osos, escondites para cacer\u00eda, canteras, entierros en cuevas, campamentos temporales y sitios de aldeas. Los fechamientos de radiocarbono confirman que la regi\u00f3n ha estado ocupada desde el final de la Era del Hielo, y algunas declaraciones m\u00e1s controversiales situar\u00edan la presencia humana a\u00fan antes de esa era. Los arque\u00f3logos pioneros intentaron organizar la informaci\u00f3n sobre la prehistoria por distinci\u00f3n de complejos o grupos de caracter\u00edsticas peculiares de periodos de tiempo particulares y de regiones geogr\u00e1ficas. Muchos de los complejos reconocidos en Baja California son extensiones de patrones que se definieron primero en alg\u00fan otro lugar del oeste de Norteam\u00e9rica, tales como el complejo San Dieguito del holoceno temprano con sus bifaciales de piedra, herramientas de raspado, y crecientes; el complejo La Jolla del holoceno medio, notable por sus extensos concheros y sus herramientas para moler semillas; los complejos sucesivos Pinto y Gypsum, los cuales contienen distintivos estilos de grandes puntas de proyectiles asociadas con adaptaciones al desierto; y el complejo Yumano del prehist\u00f3rico tard\u00edo, conteniendo cer\u00e1mica y peque\u00f1as puntas de flecha. Otros patrones son espec\u00edficos de la pen\u00ednsula, incluyendo el complejo Comond\u00fa del centro de Baja California y el complejo funerario Las Palmas en la regi\u00f3n del cabo. Sin duda alguna, el arte rupestre es el tipo de evidencia arqueol\u00f3gica m\u00e1s estudiada en Baja California. Los sitios de la pintura rupestre m\u00e1s conocidos son los espectaculares Grandes Murales de las monta\u00f1as del centro de la pen\u00ednsula, con sus perfiles (m\u00e1s grandes que en la vida real) de hombres y mujeres, venados y otros animales. Tambi\u00e9n se han documentado sitios de pictograf\u00edas y petrogrifos en una variedad de estilos desde Los Cabos hasta la frontera norte. Numerosos estudios han descrito estos paneles de arte rupestre, discutido sus instalaciones y asociaciones, interpretado sus t\u00e9cnicas y arreglos, han intentado descifrar sus cronolog\u00edas, y han especulado sobre sus funciones. El cuerpo de registros cuidadosos ha crecido, pero pocas interpretaciones se han establecido s\u00f3lidamente hasta ahora. Otros investigadores intentan entender las estrategias de subsistencia y los patrones de desplazamiento estacional entre las costas y el interior, caracter\u00edstico de varias poblaciones prehist\u00f3ricas. Los asuntos clave en los continuos estudios arqueol\u00f3gicos tambi\u00e9n incluyen la cuesti\u00f3n de si los abor\u00edgenes bajacalifornianos eran muy &#8220;primitivos,&#8221;como lo sugirieron los primeros observadores, o si desarrollaron adaptaciones elaboradas y exitosas a un excepcionalmente desafiante ambiente; si sus estilos de vida permanecieron estables en lo general, o si cambiaron a trav\u00e9s de la prehistoria; y si varias porciones de la pen\u00ednsula recibieron influencia importante del exterior, o si estaban esencialmente aisladas. En comparaci\u00f3n con algunas otras regiones, solo una limitada cantidad de trabajo se ha completado hasta ahora para inventariar e interpretar los sitios arqueol\u00f3gicos de Baja California. Sin embargo, en a\u00f1os recientes ha habido un considerable crecimiento en los estudios realizados por investigadores mexicanos e internacionales. Para revisar estudios hasta los a\u00f1os ochenta, vea Garc\u00eda Uranga 1988 y Laylander 1992 en la Bibliograf\u00eda. Para revisar algunas de las investigaciones m\u00e1s extensas, vea los informes de Harry Crosby, Barbro Dahlgren, Emma Lou Davis, L\u00e9on Diguet, Harumi Fujita, Mar\u00eda de la Luz Guti\u00e9rrez, Enrique Hambleton, Justin R. Hyland, Ken Hedges, William C. Massey, Clement W. Meighan, Jerry Moore, Eric W. Ritter, y Donald R. Tuohy. \u00a9 2002 Don Laylander (Traducido por Mois\u00e9s Santos Mena)<\/p>\n","protected":false},"author":1,"featured_media":0,"parent":0,"menu_order":0,"comment_status":"closed","ping_status":"closed","template":"","meta":{"nf_dc_page":"","footnotes":""},"class_list":["post-725","page","type-page","status-publish","hentry"],"yoast_head":"<!-- This site is optimized with the Yoast SEO plugin v27.4 - https:\/\/yoast.com\/product\/yoast-seo-wordpress\/ -->\n<title>Arqueolog\u00eda Prehist\u00f3rica - Baja California and Southern California<\/title>\n<meta name=\"description\" content=\"La amplia prehistoria de Baja California est\u00e1 atestada por innumerables concheros\" \/>\n<meta name=\"robots\" content=\"index, follow, max-snippet:-1, max-image-preview:large, max-video-preview:-1\" \/>\n<link rel=\"canonical\" href=\"https:\/\/sandiegoarchaeology.org\/baja-and-california\/arqueologia-prehistorica\/\" \/>\n<meta property=\"og:locale\" content=\"en_US\" \/>\n<meta property=\"og:type\" content=\"article\" \/>\n<meta property=\"og:title\" content=\"Arqueolog\u00eda Prehist\u00f3rica - Baja California and Southern California\" \/>\n<meta property=\"og:description\" content=\"La amplia prehistoria de Baja California est\u00e1 atestada por innumerables concheros\" \/>\n<meta property=\"og:url\" content=\"https:\/\/sandiegoarchaeology.org\/baja-and-california\/arqueologia-prehistorica\/\" \/>\n<meta property=\"og:site_name\" content=\"Baja California and Southern California\" \/>\n<meta property=\"article:publisher\" content=\"https:\/\/www.facebook.com\/SDArchCenter\/\" \/>\n<meta property=\"article:modified_time\" content=\"2024-09-12T22:44:40+00:00\" \/>\n<meta property=\"og:image\" content=\"http:\/\/sandiegoarchaeology.org\/baja-and-california\/wp-content\/uploads\/2024\/07\/armpenga.gif\" \/>\n<meta name=\"twitter:card\" content=\"summary_large_image\" \/>\n<meta name=\"twitter:label1\" content=\"Est. reading time\" \/>\n\t<meta name=\"twitter:data1\" content=\"3 minutes\" \/>\n<script type=\"application\/ld+json\" class=\"yoast-schema-graph\">{\"@context\":\"https:\\\/\\\/schema.org\",\"@graph\":[{\"@type\":\"WebPage\",\"@id\":\"https:\\\/\\\/sandiegoarchaeology.org\\\/baja-and-california\\\/arqueologia-prehistorica\\\/\",\"url\":\"https:\\\/\\\/sandiegoarchaeology.org\\\/baja-and-california\\\/arqueologia-prehistorica\\\/\",\"name\":\"Arqueolog\u00eda Prehist\u00f3rica - Baja California and Southern California\",\"isPartOf\":{\"@id\":\"https:\\\/\\\/sandiegoarchaeology.org\\\/baja-and-california\\\/#website\"},\"primaryImageOfPage\":{\"@id\":\"https:\\\/\\\/sandiegoarchaeology.org\\\/baja-and-california\\\/arqueologia-prehistorica\\\/#primaryimage\"},\"image\":{\"@id\":\"https:\\\/\\\/sandiegoarchaeology.org\\\/baja-and-california\\\/arqueologia-prehistorica\\\/#primaryimage\"},\"thumbnailUrl\":\"http:\\\/\\\/sandiegoarchaeology.org\\\/baja-and-california\\\/wp-content\\\/uploads\\\/2024\\\/07\\\/armpenga.gif\",\"datePublished\":\"2024-08-04T21:03:40+00:00\",\"dateModified\":\"2024-09-12T22:44:40+00:00\",\"description\":\"La amplia prehistoria de Baja California est\u00e1 atestada por innumerables concheros\",\"breadcrumb\":{\"@id\":\"https:\\\/\\\/sandiegoarchaeology.org\\\/baja-and-california\\\/arqueologia-prehistorica\\\/#breadcrumb\"},\"inLanguage\":\"en-US\",\"potentialAction\":[{\"@type\":\"ReadAction\",\"target\":[\"https:\\\/\\\/sandiegoarchaeology.org\\\/baja-and-california\\\/arqueologia-prehistorica\\\/\"]}]},{\"@type\":\"ImageObject\",\"inLanguage\":\"en-US\",\"@id\":\"https:\\\/\\\/sandiegoarchaeology.org\\\/baja-and-california\\\/arqueologia-prehistorica\\\/#primaryimage\",\"url\":\"https:\\\/\\\/sandiegoarchaeology.org\\\/baja-and-california\\\/wp-content\\\/uploads\\\/2024\\\/07\\\/armpenga.gif\",\"contentUrl\":\"https:\\\/\\\/sandiegoarchaeology.org\\\/baja-and-california\\\/wp-content\\\/uploads\\\/2024\\\/07\\\/armpenga.gif\",\"width\":146,\"height\":160},{\"@type\":\"BreadcrumbList\",\"@id\":\"https:\\\/\\\/sandiegoarchaeology.org\\\/baja-and-california\\\/arqueologia-prehistorica\\\/#breadcrumb\",\"itemListElement\":[{\"@type\":\"ListItem\",\"position\":1,\"name\":\"Home\",\"item\":\"https:\\\/\\\/sandiegoarchaeology.org\\\/baja-and-california\\\/\"},{\"@type\":\"ListItem\",\"position\":2,\"name\":\"Arqueolog\u00eda Prehist\u00f3rica\"}]},{\"@type\":\"WebSite\",\"@id\":\"https:\\\/\\\/sandiegoarchaeology.org\\\/baja-and-california\\\/#website\",\"url\":\"https:\\\/\\\/sandiegoarchaeology.org\\\/baja-and-california\\\/\",\"name\":\"Baja and California\",\"description\":\"San Diego Archaeological Center\",\"potentialAction\":[{\"@type\":\"SearchAction\",\"target\":{\"@type\":\"EntryPoint\",\"urlTemplate\":\"https:\\\/\\\/sandiegoarchaeology.org\\\/baja-and-california\\\/?s={search_term_string}\"},\"query-input\":{\"@type\":\"PropertyValueSpecification\",\"valueRequired\":true,\"valueName\":\"search_term_string\"}}],\"inLanguage\":\"en-US\"}]}<\/script>\n<!-- \/ Yoast SEO plugin. -->","yoast_head_json":{"title":"Arqueolog\u00eda Prehist\u00f3rica - Baja California and Southern California","description":"La amplia prehistoria de Baja California est\u00e1 atestada por innumerables concheros","robots":{"index":"index","follow":"follow","max-snippet":"max-snippet:-1","max-image-preview":"max-image-preview:large","max-video-preview":"max-video-preview:-1"},"canonical":"https:\/\/sandiegoarchaeology.org\/baja-and-california\/arqueologia-prehistorica\/","og_locale":"en_US","og_type":"article","og_title":"Arqueolog\u00eda Prehist\u00f3rica - Baja California and Southern California","og_description":"La amplia prehistoria de Baja California est\u00e1 atestada por innumerables concheros","og_url":"https:\/\/sandiegoarchaeology.org\/baja-and-california\/arqueologia-prehistorica\/","og_site_name":"Baja California and Southern California","article_publisher":"https:\/\/www.facebook.com\/SDArchCenter\/","article_modified_time":"2024-09-12T22:44:40+00:00","og_image":[{"url":"http:\/\/sandiegoarchaeology.org\/baja-and-california\/wp-content\/uploads\/2024\/07\/armpenga.gif","type":"","width":"","height":""}],"twitter_card":"summary_large_image","twitter_misc":{"Est. reading time":"3 minutes"},"schema":{"@context":"https:\/\/schema.org","@graph":[{"@type":"WebPage","@id":"https:\/\/sandiegoarchaeology.org\/baja-and-california\/arqueologia-prehistorica\/","url":"https:\/\/sandiegoarchaeology.org\/baja-and-california\/arqueologia-prehistorica\/","name":"Arqueolog\u00eda Prehist\u00f3rica - Baja California and Southern California","isPartOf":{"@id":"https:\/\/sandiegoarchaeology.org\/baja-and-california\/#website"},"primaryImageOfPage":{"@id":"https:\/\/sandiegoarchaeology.org\/baja-and-california\/arqueologia-prehistorica\/#primaryimage"},"image":{"@id":"https:\/\/sandiegoarchaeology.org\/baja-and-california\/arqueologia-prehistorica\/#primaryimage"},"thumbnailUrl":"http:\/\/sandiegoarchaeology.org\/baja-and-california\/wp-content\/uploads\/2024\/07\/armpenga.gif","datePublished":"2024-08-04T21:03:40+00:00","dateModified":"2024-09-12T22:44:40+00:00","description":"La amplia prehistoria de Baja California est\u00e1 atestada por innumerables concheros","breadcrumb":{"@id":"https:\/\/sandiegoarchaeology.org\/baja-and-california\/arqueologia-prehistorica\/#breadcrumb"},"inLanguage":"en-US","potentialAction":[{"@type":"ReadAction","target":["https:\/\/sandiegoarchaeology.org\/baja-and-california\/arqueologia-prehistorica\/"]}]},{"@type":"ImageObject","inLanguage":"en-US","@id":"https:\/\/sandiegoarchaeology.org\/baja-and-california\/arqueologia-prehistorica\/#primaryimage","url":"https:\/\/sandiegoarchaeology.org\/baja-and-california\/wp-content\/uploads\/2024\/07\/armpenga.gif","contentUrl":"https:\/\/sandiegoarchaeology.org\/baja-and-california\/wp-content\/uploads\/2024\/07\/armpenga.gif","width":146,"height":160},{"@type":"BreadcrumbList","@id":"https:\/\/sandiegoarchaeology.org\/baja-and-california\/arqueologia-prehistorica\/#breadcrumb","itemListElement":[{"@type":"ListItem","position":1,"name":"Home","item":"https:\/\/sandiegoarchaeology.org\/baja-and-california\/"},{"@type":"ListItem","position":2,"name":"Arqueolog\u00eda Prehist\u00f3rica"}]},{"@type":"WebSite","@id":"https:\/\/sandiegoarchaeology.org\/baja-and-california\/#website","url":"https:\/\/sandiegoarchaeology.org\/baja-and-california\/","name":"Baja and California","description":"San Diego Archaeological Center","potentialAction":[{"@type":"SearchAction","target":{"@type":"EntryPoint","urlTemplate":"https:\/\/sandiegoarchaeology.org\/baja-and-california\/?s={search_term_string}"},"query-input":{"@type":"PropertyValueSpecification","valueRequired":true,"valueName":"search_term_string"}}],"inLanguage":"en-US"}]}},"acf":[],"_links":{"self":[{"href":"https:\/\/sandiegoarchaeology.org\/baja-and-california\/wp-json\/wp\/v2\/pages\/725","targetHints":{"allow":["GET"]}}],"collection":[{"href":"https:\/\/sandiegoarchaeology.org\/baja-and-california\/wp-json\/wp\/v2\/pages"}],"about":[{"href":"https:\/\/sandiegoarchaeology.org\/baja-and-california\/wp-json\/wp\/v2\/types\/page"}],"author":[{"embeddable":true,"href":"https:\/\/sandiegoarchaeology.org\/baja-and-california\/wp-json\/wp\/v2\/users\/1"}],"replies":[{"embeddable":true,"href":"https:\/\/sandiegoarchaeology.org\/baja-and-california\/wp-json\/wp\/v2\/comments?post=725"}],"version-history":[{"count":1,"href":"https:\/\/sandiegoarchaeology.org\/baja-and-california\/wp-json\/wp\/v2\/pages\/725\/revisions"}],"predecessor-version":[{"id":726,"href":"https:\/\/sandiegoarchaeology.org\/baja-and-california\/wp-json\/wp\/v2\/pages\/725\/revisions\/726"}],"wp:attachment":[{"href":"https:\/\/sandiegoarchaeology.org\/baja-and-california\/wp-json\/wp\/v2\/media?parent=725"}],"curies":[{"name":"wp","href":"https:\/\/api.w.org\/{rel}","templated":true}]}}