{"id":730,"date":"2024-08-04T21:07:11","date_gmt":"2024-08-04T21:07:11","guid":{"rendered":"https:\/\/gvu.ocl.mybluehost.me\/baja-and-california\/?page_id=730"},"modified":"2024-09-12T22:41:27","modified_gmt":"2024-09-12T22:41:27","slug":"lenguas-aborigenes","status":"publish","type":"page","link":"https:\/\/sandiegoarchaeology.org\/baja-and-california\/lenguas-aborigenes\/","title":{"rendered":"Lenguas Abor\u00edgenes"},"content":{"rendered":"<p>Para los nativos americanos contempor\u00e1neos, las lenguas abor\u00edgenes de Baja California son parte importante de su herencia cultural. Los ling\u00fcistas profesionales estudian estas lenguas para buscar pistas de la universalidad o diversidad de varios rasgos y procesos en el habla humana. Los antrop\u00f3logos descubren en ellos rastros de las migraciones prehist\u00f3ricas y patrones de cambio cultural e interacci\u00f3n, tanto hacia el interior de la pen\u00ednsula como a trav\u00e9s de sus fronteras m\u00e1s distantes en el oeste de Norteam\u00e9rica.<\/p>\n<p><img loading=\"lazy\" decoding=\"async\" class=\"alignleft wp-image-88 size-full\" src=\"http:\/\/sandiegoarchaeology.org\/baja-and-california\/wp-content\/uploads\/2024\/07\/lingtrea.gif\" alt=\"\" width=\"134\" height=\"160\" \/>Mucha de la gente ind\u00edgena del norte de Baja California a\u00fan habla su lengua ancestral, y en a\u00f1os recientes varios ling\u00fcistas entre los que se incluyen a James M. Crawford, Leanne Hinton, Judith Jo\u00ebl, Mauricio J. Mixco y Jes\u00fas Angel Ochoa Zazueta, han estado muy activos en la documentaci\u00f3n y el an\u00e1lisis de las mismas. Al sur de San Quint\u00edn, las lenguas abor\u00edgenes se extinguieron durante los siglos XVIII y XIX. Para conocer de esas lenguas sure\u00f1as dependemos totalmente de los registros escritos por los primeros visitantes, particularmente misioneros jesuitas tales como Jakob Baegert, Miguel del Barco y Franz Benno Ducrue. Debido a los vac\u00edos en la informaci\u00f3n, los acad\u00e9micos disienten sobre el n\u00famero de las distintas lenguas en la pen\u00ednsula y sus rangos geogr\u00e1ficos.<\/p>\n<p>Los ind\u00edgenas m\u00e1s norte\u00f1os de Baja California hablan lenguas pertenecientes a la familia yumana entre las que se incluyen al kiliwa, paipai, tipai, kumiai (o Kumeyaay como se conoce en ingl\u00e9s), cucap\u00e1 (Cocopa en ingl\u00e9s) y quechan. Usando la controvertida t\u00e9cnica de la glotocronolog\u00eda, se ha estimado que la separaci\u00f3n inicial de la familia yumana en lenguas diferentes quiz\u00e1s ocurri\u00f3 hace alrededor de 2,500 a\u00f1os. Se ha sugerido que el territorio tradicional de los yumanos originales se encontraba en la cuenca baja del R\u00edo Colorado o en el noroeste de Baja California. El cucap\u00e1, kumiai y tipai junto con el ipai de Alta California est\u00e1n cercanamente emparentados los unos con los otros, pero separados por quiz\u00e1s cerca de 1,000 a\u00f1os de desarrollo independiente. El quechan est\u00e1 emparentado con el mojave y el maricopa de los r\u00edos Colorado y Gila. Desde un punto de vista geogr\u00e1fico, es sorprendente que el vinculo m\u00e1s cercano del paipai sea las lenguas de los yumanos del oeste de Arizona, el yavapai, wualapai y havasupai. El kiliwa permanece solo, como la lengua m\u00e1s divergente de la familia yumana.<\/p>\n<p>Una conexi\u00f3n ligeramente m\u00e1s remota uni\u00f3 a la familia yumana con el cochim\u00ed, la lengua o grupo de lenguas habladas en toda la porci\u00f3n central de Baja California, desde el norte de El Rosario hasta las cercan\u00edas de Loreto en el sur. (No se debe confundir el cochim\u00ed del centro de Baja California con el dialecto tipai de La Huerta al cual en ocasiones tambi\u00e9n se le conoce con ese nombre).<\/p>\n<p>Existieron relaciones mucho m\u00e1s distantes, que probablemente daten m\u00e1s de 5,000 a\u00f1os, entre el yumano-cochim\u00ed y varias otras familias pertenecientes al phylum ling\u00fc\u00edstico hokano. Estas lenguas estaban dispersas alrededor de la periferia de la Alta California, incluyendo al chumash, pomo y washo entre otras; aparentemente, los cazadores-recolectores seri de la costa sonorense del Mar de Cort\u00e9s tambi\u00e9n son hablantes hokanos. Al interior de la Baja California y al sur del rango cochim\u00ed, tanto el monqui de Loreto como el guaycura de las planicies de Magdalena podr\u00edan haber pertenecido al phylum hokano. El peric\u00fa, lengua hablada en el extremo sur de la regi\u00f3n de Los Cabos, es un enigma ling\u00fc\u00edstico. Pudo o no haber estado relacionada con el guaycura; pero la evidencia es muy insuficiente como para saber con certeza.<\/p>\n<p>Para discusiones adicionales sobre la distribuci\u00f3n y relaciones de las lenguas de Baja California, consulte la Bibliograf\u00eda, y a fuentes tales como Gursky 1966; Jo\u00ebl 1998; Laylander 1993, 1997a; Le\u00f3n-Portilla 1976; Massey 1949; Mathes 1975a, 1977a; Mixco 1977d, 1978; Ochoa Zazueta 1979, 1982b; y Robles Uribe 1965.<\/p>\n<p>\u00a9 2002 Don Laylander<br \/>\n(Traducido por Mois\u00e9s Santos Mena)<\/p>\n<p>&nbsp;<\/p>\n","protected":false},"excerpt":{"rendered":"<p>Para los nativos americanos contempor\u00e1neos, las lenguas abor\u00edgenes de Baja California son parte importante de su herencia cultural. Los ling\u00fcistas profesionales estudian estas lenguas para buscar pistas de la universalidad o diversidad de varios rasgos y procesos en el habla humana. Los antrop\u00f3logos descubren en ellos rastros de las migraciones prehist\u00f3ricas y patrones de cambio cultural e interacci\u00f3n, tanto hacia el interior de la pen\u00ednsula como a trav\u00e9s de sus fronteras m\u00e1s distantes en el oeste de Norteam\u00e9rica. Mucha de la gente ind\u00edgena del norte de Baja California a\u00fan habla su lengua ancestral, y en a\u00f1os recientes varios ling\u00fcistas entre los que se incluyen a James M. Crawford, Leanne Hinton, Judith Jo\u00ebl, Mauricio J. Mixco y Jes\u00fas Angel Ochoa Zazueta, han estado muy activos en la documentaci\u00f3n y el an\u00e1lisis de las mismas. Al sur de San Quint\u00edn, las lenguas abor\u00edgenes se extinguieron durante los siglos XVIII y XIX. Para conocer de esas lenguas sure\u00f1as dependemos totalmente de los registros escritos por los primeros visitantes, particularmente misioneros jesuitas tales como Jakob Baegert, Miguel del Barco y Franz Benno Ducrue. Debido a los vac\u00edos en la informaci\u00f3n, los acad\u00e9micos disienten sobre el n\u00famero de las distintas lenguas en la pen\u00ednsula y sus rangos geogr\u00e1ficos. Los ind\u00edgenas m\u00e1s norte\u00f1os de Baja California hablan lenguas pertenecientes a la familia yumana entre las que se incluyen al kiliwa, paipai, tipai, kumiai (o Kumeyaay como se conoce en ingl\u00e9s), cucap\u00e1 (Cocopa en ingl\u00e9s) y quechan. Usando la controvertida t\u00e9cnica de la glotocronolog\u00eda, se ha estimado que la separaci\u00f3n inicial de la familia yumana en lenguas diferentes quiz\u00e1s ocurri\u00f3 hace alrededor de 2,500 a\u00f1os. Se ha sugerido que el territorio tradicional de los yumanos originales se encontraba en la cuenca baja del R\u00edo Colorado o en el noroeste de Baja California. El cucap\u00e1, kumiai y tipai junto con el ipai de Alta California est\u00e1n cercanamente emparentados los unos con los otros, pero separados por quiz\u00e1s cerca de 1,000 a\u00f1os de desarrollo independiente. El quechan est\u00e1 emparentado con el mojave y el maricopa de los r\u00edos Colorado y Gila. Desde un punto de vista geogr\u00e1fico, es sorprendente que el vinculo m\u00e1s cercano del paipai sea las lenguas de los yumanos del oeste de Arizona, el yavapai, wualapai y havasupai. El kiliwa permanece solo, como la lengua m\u00e1s divergente de la familia yumana. Una conexi\u00f3n ligeramente m\u00e1s remota uni\u00f3 a la familia yumana con el cochim\u00ed, la lengua o grupo de lenguas habladas en toda la porci\u00f3n central de Baja California, desde el norte de El Rosario hasta las cercan\u00edas de Loreto en el sur. (No se debe confundir el cochim\u00ed del centro de Baja California con el dialecto tipai de La Huerta al cual en ocasiones tambi\u00e9n se le conoce con ese nombre). Existieron relaciones mucho m\u00e1s distantes, que probablemente daten m\u00e1s de 5,000 a\u00f1os, entre el yumano-cochim\u00ed y varias otras familias pertenecientes al phylum ling\u00fc\u00edstico hokano. Estas lenguas estaban dispersas alrededor de la periferia de la Alta California, incluyendo al chumash, pomo y washo entre otras; aparentemente, los cazadores-recolectores seri de la costa sonorense del Mar de Cort\u00e9s tambi\u00e9n son hablantes hokanos. Al interior de la Baja California y al sur del rango cochim\u00ed, tanto el monqui de Loreto como el guaycura de las planicies de Magdalena podr\u00edan haber pertenecido al phylum hokano. El peric\u00fa, lengua hablada en el extremo sur de la regi\u00f3n de Los Cabos, es un enigma ling\u00fc\u00edstico. Pudo o no haber estado relacionada con el guaycura; pero la evidencia es muy insuficiente como para saber con certeza. Para discusiones adicionales sobre la distribuci\u00f3n y relaciones de las lenguas de Baja California, consulte la Bibliograf\u00eda, y a fuentes tales como Gursky 1966; Jo\u00ebl 1998; Laylander 1993, 1997a; Le\u00f3n-Portilla 1976; Massey 1949; Mathes 1975a, 1977a; Mixco 1977d, 1978; Ochoa Zazueta 1979, 1982b; y Robles Uribe 1965. \u00a9 2002 Don Laylander (Traducido por Mois\u00e9s Santos Mena) &nbsp;<\/p>\n","protected":false},"author":1,"featured_media":0,"parent":0,"menu_order":0,"comment_status":"closed","ping_status":"closed","template":"","meta":{"nf_dc_page":"","footnotes":""},"class_list":["post-730","page","type-page","status-publish","hentry"],"yoast_head":"<!-- This site is optimized with the Yoast SEO plugin v27.6 - https:\/\/yoast.com\/product\/yoast-seo-wordpress\/ -->\n<title>Lenguas Abor\u00edgenes - Baja California and Southern California<\/title>\n<meta name=\"description\" content=\"Para los nativos americanos contempor\u00e1neos, las lenguas abor\u00edgenes de Baja California son parte importante de su herencia cultural.\" \/>\n<meta name=\"robots\" content=\"index, follow, max-snippet:-1, max-image-preview:large, max-video-preview:-1\" \/>\n<link rel=\"canonical\" href=\"https:\/\/sandiegoarchaeology.org\/baja-and-california\/lenguas-aborigenes\/\" \/>\n<meta property=\"og:locale\" content=\"en_US\" \/>\n<meta property=\"og:type\" content=\"article\" \/>\n<meta property=\"og:title\" content=\"Lenguas Abor\u00edgenes - Baja California and Southern California\" \/>\n<meta property=\"og:description\" content=\"Para los nativos americanos contempor\u00e1neos, las lenguas abor\u00edgenes de Baja California son parte importante de su herencia cultural.\" \/>\n<meta property=\"og:url\" content=\"https:\/\/sandiegoarchaeology.org\/baja-and-california\/lenguas-aborigenes\/\" \/>\n<meta property=\"og:site_name\" content=\"Baja California and Southern California\" \/>\n<meta property=\"article:publisher\" content=\"https:\/\/www.facebook.com\/SDArchCenter\/\" \/>\n<meta property=\"article:modified_time\" content=\"2024-09-12T22:41:27+00:00\" \/>\n<meta property=\"og:image\" content=\"http:\/\/sandiegoarchaeology.org\/baja-and-california\/wp-content\/uploads\/2024\/07\/lingtrea.gif\" \/>\n<meta name=\"twitter:card\" content=\"summary_large_image\" \/>\n<meta name=\"twitter:label1\" content=\"Est. reading time\" \/>\n\t<meta name=\"twitter:data1\" content=\"4 minutes\" \/>\n<script type=\"application\/ld+json\" class=\"yoast-schema-graph\">{\"@context\":\"https:\\\/\\\/schema.org\",\"@graph\":[{\"@type\":\"WebPage\",\"@id\":\"https:\\\/\\\/sandiegoarchaeology.org\\\/baja-and-california\\\/lenguas-aborigenes\\\/\",\"url\":\"https:\\\/\\\/sandiegoarchaeology.org\\\/baja-and-california\\\/lenguas-aborigenes\\\/\",\"name\":\"Lenguas Abor\u00edgenes - Baja California and Southern California\",\"isPartOf\":{\"@id\":\"https:\\\/\\\/sandiegoarchaeology.org\\\/baja-and-california\\\/#website\"},\"primaryImageOfPage\":{\"@id\":\"https:\\\/\\\/sandiegoarchaeology.org\\\/baja-and-california\\\/lenguas-aborigenes\\\/#primaryimage\"},\"image\":{\"@id\":\"https:\\\/\\\/sandiegoarchaeology.org\\\/baja-and-california\\\/lenguas-aborigenes\\\/#primaryimage\"},\"thumbnailUrl\":\"http:\\\/\\\/sandiegoarchaeology.org\\\/baja-and-california\\\/wp-content\\\/uploads\\\/2024\\\/07\\\/lingtrea.gif\",\"datePublished\":\"2024-08-04T21:07:11+00:00\",\"dateModified\":\"2024-09-12T22:41:27+00:00\",\"description\":\"Para los nativos americanos contempor\u00e1neos, las lenguas abor\u00edgenes de Baja California son parte importante de su herencia cultural.\",\"breadcrumb\":{\"@id\":\"https:\\\/\\\/sandiegoarchaeology.org\\\/baja-and-california\\\/lenguas-aborigenes\\\/#breadcrumb\"},\"inLanguage\":\"en-US\",\"potentialAction\":[{\"@type\":\"ReadAction\",\"target\":[\"https:\\\/\\\/sandiegoarchaeology.org\\\/baja-and-california\\\/lenguas-aborigenes\\\/\"]}]},{\"@type\":\"ImageObject\",\"inLanguage\":\"en-US\",\"@id\":\"https:\\\/\\\/sandiegoarchaeology.org\\\/baja-and-california\\\/lenguas-aborigenes\\\/#primaryimage\",\"url\":\"https:\\\/\\\/sandiegoarchaeology.org\\\/baja-and-california\\\/wp-content\\\/uploads\\\/2024\\\/07\\\/lingtrea.gif\",\"contentUrl\":\"https:\\\/\\\/sandiegoarchaeology.org\\\/baja-and-california\\\/wp-content\\\/uploads\\\/2024\\\/07\\\/lingtrea.gif\",\"width\":134,\"height\":160},{\"@type\":\"BreadcrumbList\",\"@id\":\"https:\\\/\\\/sandiegoarchaeology.org\\\/baja-and-california\\\/lenguas-aborigenes\\\/#breadcrumb\",\"itemListElement\":[{\"@type\":\"ListItem\",\"position\":1,\"name\":\"Home\",\"item\":\"https:\\\/\\\/sandiegoarchaeology.org\\\/baja-and-california\\\/\"},{\"@type\":\"ListItem\",\"position\":2,\"name\":\"Lenguas Abor\u00edgenes\"}]},{\"@type\":\"WebSite\",\"@id\":\"https:\\\/\\\/sandiegoarchaeology.org\\\/baja-and-california\\\/#website\",\"url\":\"https:\\\/\\\/sandiegoarchaeology.org\\\/baja-and-california\\\/\",\"name\":\"Baja and California\",\"description\":\"San Diego Archaeological Center\",\"potentialAction\":[{\"@type\":\"SearchAction\",\"target\":{\"@type\":\"EntryPoint\",\"urlTemplate\":\"https:\\\/\\\/sandiegoarchaeology.org\\\/baja-and-california\\\/?s={search_term_string}\"},\"query-input\":{\"@type\":\"PropertyValueSpecification\",\"valueRequired\":true,\"valueName\":\"search_term_string\"}}],\"inLanguage\":\"en-US\"}]}<\/script>\n<!-- \/ Yoast SEO plugin. -->","yoast_head_json":{"title":"Lenguas Abor\u00edgenes - Baja California and Southern California","description":"Para los nativos americanos contempor\u00e1neos, las lenguas abor\u00edgenes de Baja California son parte importante de su herencia cultural.","robots":{"index":"index","follow":"follow","max-snippet":"max-snippet:-1","max-image-preview":"max-image-preview:large","max-video-preview":"max-video-preview:-1"},"canonical":"https:\/\/sandiegoarchaeology.org\/baja-and-california\/lenguas-aborigenes\/","og_locale":"en_US","og_type":"article","og_title":"Lenguas Abor\u00edgenes - Baja California and Southern California","og_description":"Para los nativos americanos contempor\u00e1neos, las lenguas abor\u00edgenes de Baja California son parte importante de su herencia cultural.","og_url":"https:\/\/sandiegoarchaeology.org\/baja-and-california\/lenguas-aborigenes\/","og_site_name":"Baja California and Southern California","article_publisher":"https:\/\/www.facebook.com\/SDArchCenter\/","article_modified_time":"2024-09-12T22:41:27+00:00","og_image":[{"url":"http:\/\/sandiegoarchaeology.org\/baja-and-california\/wp-content\/uploads\/2024\/07\/lingtrea.gif","type":"","width":"","height":""}],"twitter_card":"summary_large_image","twitter_misc":{"Est. reading time":"4 minutes"},"schema":{"@context":"https:\/\/schema.org","@graph":[{"@type":"WebPage","@id":"https:\/\/sandiegoarchaeology.org\/baja-and-california\/lenguas-aborigenes\/","url":"https:\/\/sandiegoarchaeology.org\/baja-and-california\/lenguas-aborigenes\/","name":"Lenguas Abor\u00edgenes - Baja California and Southern California","isPartOf":{"@id":"https:\/\/sandiegoarchaeology.org\/baja-and-california\/#website"},"primaryImageOfPage":{"@id":"https:\/\/sandiegoarchaeology.org\/baja-and-california\/lenguas-aborigenes\/#primaryimage"},"image":{"@id":"https:\/\/sandiegoarchaeology.org\/baja-and-california\/lenguas-aborigenes\/#primaryimage"},"thumbnailUrl":"http:\/\/sandiegoarchaeology.org\/baja-and-california\/wp-content\/uploads\/2024\/07\/lingtrea.gif","datePublished":"2024-08-04T21:07:11+00:00","dateModified":"2024-09-12T22:41:27+00:00","description":"Para los nativos americanos contempor\u00e1neos, las lenguas abor\u00edgenes de Baja California son parte importante de su herencia cultural.","breadcrumb":{"@id":"https:\/\/sandiegoarchaeology.org\/baja-and-california\/lenguas-aborigenes\/#breadcrumb"},"inLanguage":"en-US","potentialAction":[{"@type":"ReadAction","target":["https:\/\/sandiegoarchaeology.org\/baja-and-california\/lenguas-aborigenes\/"]}]},{"@type":"ImageObject","inLanguage":"en-US","@id":"https:\/\/sandiegoarchaeology.org\/baja-and-california\/lenguas-aborigenes\/#primaryimage","url":"https:\/\/sandiegoarchaeology.org\/baja-and-california\/wp-content\/uploads\/2024\/07\/lingtrea.gif","contentUrl":"https:\/\/sandiegoarchaeology.org\/baja-and-california\/wp-content\/uploads\/2024\/07\/lingtrea.gif","width":134,"height":160},{"@type":"BreadcrumbList","@id":"https:\/\/sandiegoarchaeology.org\/baja-and-california\/lenguas-aborigenes\/#breadcrumb","itemListElement":[{"@type":"ListItem","position":1,"name":"Home","item":"https:\/\/sandiegoarchaeology.org\/baja-and-california\/"},{"@type":"ListItem","position":2,"name":"Lenguas Abor\u00edgenes"}]},{"@type":"WebSite","@id":"https:\/\/sandiegoarchaeology.org\/baja-and-california\/#website","url":"https:\/\/sandiegoarchaeology.org\/baja-and-california\/","name":"Baja and California","description":"San Diego Archaeological Center","potentialAction":[{"@type":"SearchAction","target":{"@type":"EntryPoint","urlTemplate":"https:\/\/sandiegoarchaeology.org\/baja-and-california\/?s={search_term_string}"},"query-input":{"@type":"PropertyValueSpecification","valueRequired":true,"valueName":"search_term_string"}}],"inLanguage":"en-US"}]}},"acf":[],"_links":{"self":[{"href":"https:\/\/sandiegoarchaeology.org\/baja-and-california\/wp-json\/wp\/v2\/pages\/730","targetHints":{"allow":["GET"]}}],"collection":[{"href":"https:\/\/sandiegoarchaeology.org\/baja-and-california\/wp-json\/wp\/v2\/pages"}],"about":[{"href":"https:\/\/sandiegoarchaeology.org\/baja-and-california\/wp-json\/wp\/v2\/types\/page"}],"author":[{"embeddable":true,"href":"https:\/\/sandiegoarchaeology.org\/baja-and-california\/wp-json\/wp\/v2\/users\/1"}],"replies":[{"embeddable":true,"href":"https:\/\/sandiegoarchaeology.org\/baja-and-california\/wp-json\/wp\/v2\/comments?post=730"}],"version-history":[{"count":3,"href":"https:\/\/sandiegoarchaeology.org\/baja-and-california\/wp-json\/wp\/v2\/pages\/730\/revisions"}],"predecessor-version":[{"id":734,"href":"https:\/\/sandiegoarchaeology.org\/baja-and-california\/wp-json\/wp\/v2\/pages\/730\/revisions\/734"}],"wp:attachment":[{"href":"https:\/\/sandiegoarchaeology.org\/baja-and-california\/wp-json\/wp\/v2\/media?parent=730"}],"curies":[{"name":"wp","href":"https:\/\/api.w.org\/{rel}","templated":true}]}}