{"id":735,"date":"2024-08-04T21:09:16","date_gmt":"2024-08-04T21:09:16","guid":{"rendered":"https:\/\/gvu.ocl.mybluehost.me\/baja-and-california\/?page_id=735"},"modified":"2024-09-12T22:39:40","modified_gmt":"2024-09-12T22:39:40","slug":"antropologia-fisica","status":"publish","type":"page","link":"https:\/\/sandiegoarchaeology.org\/baja-and-california\/antropologia-fisica\/","title":{"rendered":"Antropolog\u00eda F\u00edsica"},"content":{"rendered":"<p><img loading=\"lazy\" decoding=\"async\" class=\"size-full wp-image-94 alignleft\" src=\"http:\/\/sandiegoarchaeology.org\/baja-and-california\/wp-content\/uploads\/2024\/07\/guaycura.jpg\" alt=\"\" width=\"150\" height=\"265\" \/>Descripciones sobre las caracter\u00edsticas f\u00edsicas de los nativos peninsulares pueden hallarse en las fuentes hist\u00f3ricas desde los primeros contactos europeos, pues los primeros exploradores dieron cuenta de ello, as\u00ed se tienen las de Nicol\u00e1s de Cardona en 1615, Sebast\u00edan Guti\u00e9rrez y Esteban Carbonel de Valenzuela en 1632, Diego de Nava en 1634, Alonso Gonz\u00e1lez Barriga en 1644, Francisco de Lucenilla en 1668, Eusebio Francisco Kino y Isidro Atondo y Antill\u00f3n en 1683-1685, Woodes Rogers en 1710 y George Shelvocke en 1721 entre otros.<\/p>\n<p>Posteriormente se encuentran las descripciones hechas por los misioneros e historiadores jesuitas: Juan Mar\u00eda de Salvatierra, Miguel del Barco, Juan de Ugarte, Juan Jacobo Baegert, Francisco Mar\u00eda Piccolo, Jaime Bravo, Ignacio Mar\u00eda Napoli, Miguel Venegas y Francisco Xavier Clavijero entre otros.<\/p>\n<p>Aunque existe controversia en cuanto a cierto detalles como color de piel y tipo de cabello, casi todas las fuentes hist\u00f3ricas coinciden en decir que los indios eran de buen porte: altos, robustos, corpulentos, fuertes, membrudos, sanos, con el cabello largo y recogido, las orejas horadadas y andaban desnudos.<\/p>\n<p>Posteriormente, ya dentro de lo que podr\u00eda llamarse el primer estudio de antropolog\u00eda f\u00edsica: el hol\u00e1ndes Herman Frederik Carel Ten Kate en 1884, tras estudiar varios restos esquel\u00e9ticos procedentes de diversas cuevas del sur de la pen\u00ednsula concluy\u00f3 : a) la existencia de una raza ind\u00edgena cuya caracter\u00edstica principal era la dolicocefal\u00eda e hypsistenocefalia, b) rasgos que los hac\u00eda semejantes a los melanesios y a la poblaci\u00f3n primitiva de Lagoa Santa en Brasil, y c) finalmente que eran de talla m\u00e1s alta que la media (1.65 m). M\u00e1s tarde en 1905 el ge\u00f3logo Le\u00f3n Diguet realiz\u00f3 un estudio semejante que apoy\u00f3 lo dicho por Ten Kate.<\/p>\n<p>Posteriormente en 1909 Paul Rivet analiz\u00f3 las muestras de Ten Kate y Diguet confirmando sus resultados e informa de un gran parecido morfol\u00f3gico con la poblaci\u00f3n de Lagoa Santa en Brasil; con estos antecedentes y un amplio estudio etnogr\u00e1fico, este investigador incluy\u00f3 una nueva forma de poblamiento para Am\u00e9rica, una migraci\u00f3n transoce\u00e1nica por medio de balsas procedente de la Melanesia.<\/p>\n<p>A pesar de lo atractivo de esta atrevida hip\u00f3tesis no se volvieron a dar estudio sobre estas poblaciones hasta 1977 cuando el antrop\u00f3logo f\u00edsico Arturo Romano Pacheco estudi\u00f3 los restos esquel\u00e9ticos excavados por William C. Massey en 1947 y da una descripci\u00f3n morfol\u00f3gica del cr\u00e1neo para ambos sexos. Son de capacidad craneana media, alargados, relativamente altos en relaci\u00f3n a su anchura, con frontales anchos y de crestas intermedias y paladares anchos; mientras difer\u00edan o eran poco semejantes en la altura relativa del cr\u00e1neo en relaci\u00f3n a su longitud, la curva frontal, el agujero occipital, en el tipo de cara, en las \u00f3rbitas, la nariz y la prominencia mand\u00edbular. Al comparar sus resultados con otras poblaciones de cr\u00e1neo alargado (dolicocefalos) concluye que existen diferencias notables que los separan significativamente de las poblaciones continentales. En otro trabajo de ese mismo a\u00f1o Romano tambi\u00e9n report\u00f3 las diferencias existentes en cuanto a las caracter\u00edsticas epigen\u00e9ticas en cr\u00e1neo y aunque sus resultados no llegan a ser tan definitivos pues s\u00f3lo apoyan una separaci\u00f3n del sexo masculino, queda en incertidumbre el sexo femenino.<\/p>\n<p>Rose Tyson tambi\u00e9n en 1977 report\u00f3 su estudio osteom\u00e9trico sobre las caracter\u00edsticas f\u00edsicas de los pobladores prehisp\u00e1nicos y confirma la peculiar forma del cr\u00e1neo. En ese mismo a\u00f1o Jos\u00e9 Antonio Pompa y Padilla realiz\u00f3 un estudio sobre caracter\u00edsticas epigen\u00e9ticas en dientes y compar\u00f3 sus resultados con otras poblaciones mundiales: Hawai, California E.U.A., Nueva Guinea, Polinesia, Jap\u00f3n y Esquimales. Concluy\u00f3 de que no existe una evidencia fundamental que sustente la teor\u00eda del origen melan\u00e9sico de los californios, aunque considera que no puede descartarse una migraci\u00f3n proveniente del norte o un posible origen polin\u00e9sico. M\u00e1s tarde en 1990 este mismo autor compara sus resultados con una poblaci\u00f3n del Occidente de M\u00e9xico (Marismas Nacionales, Nayarit), y dos mesoamericanas (Tlatelolco D.F. y Chichen Itza, Yucat\u00e1n), concluy\u00f3 que hab\u00eda una relaci\u00f3n directa entre la distancia geogr\u00e1fica y las semejanzas interpoblacionales. Explica que la mayor afinidad con los californios la present\u00f3 la muestra de Marismas Nacionales, le sigui\u00f3 la de Tlatelolco y finalmente los de Yucat\u00e1n.<\/p>\n<p>A partir de 1994 los antrop\u00f3logos f\u00edsicos Alfonso Rosales L\u00f3pez y Leticia C. S\u00e1nchez Garc\u00eda empezaron una investigaci\u00f3n sobre la morfolog\u00eda craneal de los californios. Para ello utilizaron la t\u00e9cnica multivariada de componentes principales, manejaron una bater\u00eda de 24 medidas craneom\u00e9tricas. Los datos fueron analizados por sexo y poblaci\u00f3n sin embargo por lo peque\u00f1o de la muestra no fue posible determinar diferencias geogr\u00e1ficas, logr\u00e1ndose \u00fanicamente detectar diferencias por sexo. De cualquier forma fue posible determinar la estructura matem\u00e1tica craneal de los californios y confirm\u00f3 el alto grado de endoganismo que debi\u00f3 existir en estas poblaciones.<\/p>\n<p>Finalmente aprovechando este estudio, el artista pintor Rafael Davalos hizo la reconstrucci\u00f3n de la morfolog\u00eda de los californios en dos murales que representan la vida de estos ind\u00edgenas; y posteriormente personal de investigaci\u00f3n del Museo de Historia Natural de la Universidad Aut\u00f3noma de Baja California Sur, bi\u00f3logo Luis Alberto Herrera Gil, arque\u00f3logo Ferm\u00edn Reygadas Dahl y bi\u00f3logo Francisco Reynoso fabricaron cuatro reconstrucciones antropof\u00edsicas, que se encuentran en exhibici\u00f3n en el Museo de las Misiones en el poblado de Loreto, B.C.S. en el Museo del Centro Cultural Tijuana, B.C., y en el Museo Nacional de Antropolog\u00eda de la Ciudad de M\u00e9xico.<\/p>\n<p>\u00a9 2002 Alfonso Rosales L\u00f3pez<br \/>\nCentro INAH Baja California Sur<\/p>\n","protected":false},"excerpt":{"rendered":"<p>Descripciones sobre las caracter\u00edsticas f\u00edsicas de los nativos peninsulares pueden hallarse en las fuentes hist\u00f3ricas desde los primeros contactos europeos, pues los primeros exploradores dieron cuenta de ello, as\u00ed se tienen las de Nicol\u00e1s de Cardona en 1615, Sebast\u00edan Guti\u00e9rrez y Esteban Carbonel de Valenzuela en 1632, Diego de Nava en 1634, Alonso Gonz\u00e1lez Barriga en 1644, Francisco de Lucenilla en 1668, Eusebio Francisco Kino y Isidro Atondo y Antill\u00f3n en 1683-1685, Woodes Rogers en 1710 y George Shelvocke en 1721 entre otros. Posteriormente se encuentran las descripciones hechas por los misioneros e historiadores jesuitas: Juan Mar\u00eda de Salvatierra, Miguel del Barco, Juan de Ugarte, Juan Jacobo Baegert, Francisco Mar\u00eda Piccolo, Jaime Bravo, Ignacio Mar\u00eda Napoli, Miguel Venegas y Francisco Xavier Clavijero entre otros. Aunque existe controversia en cuanto a cierto detalles como color de piel y tipo de cabello, casi todas las fuentes hist\u00f3ricas coinciden en decir que los indios eran de buen porte: altos, robustos, corpulentos, fuertes, membrudos, sanos, con el cabello largo y recogido, las orejas horadadas y andaban desnudos. Posteriormente, ya dentro de lo que podr\u00eda llamarse el primer estudio de antropolog\u00eda f\u00edsica: el hol\u00e1ndes Herman Frederik Carel Ten Kate en 1884, tras estudiar varios restos esquel\u00e9ticos procedentes de diversas cuevas del sur de la pen\u00ednsula concluy\u00f3 : a) la existencia de una raza ind\u00edgena cuya caracter\u00edstica principal era la dolicocefal\u00eda e hypsistenocefalia, b) rasgos que los hac\u00eda semejantes a los melanesios y a la poblaci\u00f3n primitiva de Lagoa Santa en Brasil, y c) finalmente que eran de talla m\u00e1s alta que la media (1.65 m). M\u00e1s tarde en 1905 el ge\u00f3logo Le\u00f3n Diguet realiz\u00f3 un estudio semejante que apoy\u00f3 lo dicho por Ten Kate. Posteriormente en 1909 Paul Rivet analiz\u00f3 las muestras de Ten Kate y Diguet confirmando sus resultados e informa de un gran parecido morfol\u00f3gico con la poblaci\u00f3n de Lagoa Santa en Brasil; con estos antecedentes y un amplio estudio etnogr\u00e1fico, este investigador incluy\u00f3 una nueva forma de poblamiento para Am\u00e9rica, una migraci\u00f3n transoce\u00e1nica por medio de balsas procedente de la Melanesia. A pesar de lo atractivo de esta atrevida hip\u00f3tesis no se volvieron a dar estudio sobre estas poblaciones hasta 1977 cuando el antrop\u00f3logo f\u00edsico Arturo Romano Pacheco estudi\u00f3 los restos esquel\u00e9ticos excavados por William C. Massey en 1947 y da una descripci\u00f3n morfol\u00f3gica del cr\u00e1neo para ambos sexos. Son de capacidad craneana media, alargados, relativamente altos en relaci\u00f3n a su anchura, con frontales anchos y de crestas intermedias y paladares anchos; mientras difer\u00edan o eran poco semejantes en la altura relativa del cr\u00e1neo en relaci\u00f3n a su longitud, la curva frontal, el agujero occipital, en el tipo de cara, en las \u00f3rbitas, la nariz y la prominencia mand\u00edbular. Al comparar sus resultados con otras poblaciones de cr\u00e1neo alargado (dolicocefalos) concluye que existen diferencias notables que los separan significativamente de las poblaciones continentales. En otro trabajo de ese mismo a\u00f1o Romano tambi\u00e9n report\u00f3 las diferencias existentes en cuanto a las caracter\u00edsticas epigen\u00e9ticas en cr\u00e1neo y aunque sus resultados no llegan a ser tan definitivos pues s\u00f3lo apoyan una separaci\u00f3n del sexo masculino, queda en incertidumbre el sexo femenino. Rose Tyson tambi\u00e9n en 1977 report\u00f3 su estudio osteom\u00e9trico sobre las caracter\u00edsticas f\u00edsicas de los pobladores prehisp\u00e1nicos y confirma la peculiar forma del cr\u00e1neo. En ese mismo a\u00f1o Jos\u00e9 Antonio Pompa y Padilla realiz\u00f3 un estudio sobre caracter\u00edsticas epigen\u00e9ticas en dientes y compar\u00f3 sus resultados con otras poblaciones mundiales: Hawai, California E.U.A., Nueva Guinea, Polinesia, Jap\u00f3n y Esquimales. Concluy\u00f3 de que no existe una evidencia fundamental que sustente la teor\u00eda del origen melan\u00e9sico de los californios, aunque considera que no puede descartarse una migraci\u00f3n proveniente del norte o un posible origen polin\u00e9sico. M\u00e1s tarde en 1990 este mismo autor compara sus resultados con una poblaci\u00f3n del Occidente de M\u00e9xico (Marismas Nacionales, Nayarit), y dos mesoamericanas (Tlatelolco D.F. y Chichen Itza, Yucat\u00e1n), concluy\u00f3 que hab\u00eda una relaci\u00f3n directa entre la distancia geogr\u00e1fica y las semejanzas interpoblacionales. Explica que la mayor afinidad con los californios la present\u00f3 la muestra de Marismas Nacionales, le sigui\u00f3 la de Tlatelolco y finalmente los de Yucat\u00e1n. A partir de 1994 los antrop\u00f3logos f\u00edsicos Alfonso Rosales L\u00f3pez y Leticia C. S\u00e1nchez Garc\u00eda empezaron una investigaci\u00f3n sobre la morfolog\u00eda craneal de los californios. Para ello utilizaron la t\u00e9cnica multivariada de componentes principales, manejaron una bater\u00eda de 24 medidas craneom\u00e9tricas. Los datos fueron analizados por sexo y poblaci\u00f3n sin embargo por lo peque\u00f1o de la muestra no fue posible determinar diferencias geogr\u00e1ficas, logr\u00e1ndose \u00fanicamente detectar diferencias por sexo. De cualquier forma fue posible determinar la estructura matem\u00e1tica craneal de los californios y confirm\u00f3 el alto grado de endoganismo que debi\u00f3 existir en estas poblaciones. Finalmente aprovechando este estudio, el artista pintor Rafael Davalos hizo la reconstrucci\u00f3n de la morfolog\u00eda de los californios en dos murales que representan la vida de estos ind\u00edgenas; y posteriormente personal de investigaci\u00f3n del Museo de Historia Natural de la Universidad Aut\u00f3noma de Baja California Sur, bi\u00f3logo Luis Alberto Herrera Gil, arque\u00f3logo Ferm\u00edn Reygadas Dahl y bi\u00f3logo Francisco Reynoso fabricaron cuatro reconstrucciones antropof\u00edsicas, que se encuentran en exhibici\u00f3n en el Museo de las Misiones en el poblado de Loreto, B.C.S. en el Museo del Centro Cultural Tijuana, B.C., y en el Museo Nacional de Antropolog\u00eda de la Ciudad de M\u00e9xico. \u00a9 2002 Alfonso Rosales L\u00f3pez Centro INAH Baja California Sur<\/p>\n","protected":false},"author":1,"featured_media":0,"parent":0,"menu_order":0,"comment_status":"closed","ping_status":"closed","template":"","meta":{"nf_dc_page":"","footnotes":""},"class_list":["post-735","page","type-page","status-publish","hentry"],"yoast_head":"<!-- This site is optimized with the Yoast SEO plugin v27.4 - https:\/\/yoast.com\/product\/yoast-seo-wordpress\/ -->\n<title>Antropolog\u00eda F\u00edsica - Baja California and Southern California<\/title>\n<meta name=\"description\" content=\"Descripciones sobre las caracter\u00edsticas f\u00edsicas de los nativos peninsulares pueden hallarse en las fuentes hist\u00f3ricas desde los primeros contactos europeos, pues los primeros exploradores dieron cuenta de ello,\" \/>\n<meta name=\"robots\" content=\"index, follow, max-snippet:-1, max-image-preview:large, max-video-preview:-1\" \/>\n<link rel=\"canonical\" href=\"https:\/\/sandiegoarchaeology.org\/baja-and-california\/antropologia-fisica\/\" \/>\n<meta property=\"og:locale\" content=\"en_US\" \/>\n<meta property=\"og:type\" content=\"article\" \/>\n<meta property=\"og:title\" content=\"Antropolog\u00eda F\u00edsica - Baja California and Southern California\" \/>\n<meta property=\"og:description\" content=\"Descripciones sobre las caracter\u00edsticas f\u00edsicas de los nativos peninsulares pueden hallarse en las fuentes hist\u00f3ricas desde los primeros contactos europeos, pues los primeros exploradores dieron cuenta de ello,\" \/>\n<meta property=\"og:url\" content=\"https:\/\/sandiegoarchaeology.org\/baja-and-california\/antropologia-fisica\/\" \/>\n<meta property=\"og:site_name\" content=\"Baja California and Southern California\" \/>\n<meta property=\"article:publisher\" content=\"https:\/\/www.facebook.com\/SDArchCenter\/\" \/>\n<meta property=\"article:modified_time\" content=\"2024-09-12T22:39:40+00:00\" \/>\n<meta property=\"og:image\" content=\"http:\/\/sandiegoarchaeology.org\/baja-and-california\/wp-content\/uploads\/2024\/07\/guaycura.jpg\" \/>\n<meta name=\"twitter:card\" content=\"summary_large_image\" \/>\n<meta name=\"twitter:label1\" content=\"Est. reading time\" \/>\n\t<meta name=\"twitter:data1\" content=\"5 minutes\" \/>\n<script type=\"application\/ld+json\" class=\"yoast-schema-graph\">{\"@context\":\"https:\\\/\\\/schema.org\",\"@graph\":[{\"@type\":\"WebPage\",\"@id\":\"https:\\\/\\\/sandiegoarchaeology.org\\\/baja-and-california\\\/antropologia-fisica\\\/\",\"url\":\"https:\\\/\\\/sandiegoarchaeology.org\\\/baja-and-california\\\/antropologia-fisica\\\/\",\"name\":\"Antropolog\u00eda F\u00edsica - Baja California and Southern California\",\"isPartOf\":{\"@id\":\"https:\\\/\\\/sandiegoarchaeology.org\\\/baja-and-california\\\/#website\"},\"primaryImageOfPage\":{\"@id\":\"https:\\\/\\\/sandiegoarchaeology.org\\\/baja-and-california\\\/antropologia-fisica\\\/#primaryimage\"},\"image\":{\"@id\":\"https:\\\/\\\/sandiegoarchaeology.org\\\/baja-and-california\\\/antropologia-fisica\\\/#primaryimage\"},\"thumbnailUrl\":\"http:\\\/\\\/sandiegoarchaeology.org\\\/baja-and-california\\\/wp-content\\\/uploads\\\/2024\\\/07\\\/guaycura.jpg\",\"datePublished\":\"2024-08-04T21:09:16+00:00\",\"dateModified\":\"2024-09-12T22:39:40+00:00\",\"description\":\"Descripciones sobre las caracter\u00edsticas f\u00edsicas de los nativos peninsulares pueden hallarse en las fuentes hist\u00f3ricas desde los primeros contactos europeos, pues los primeros exploradores dieron cuenta de ello,\",\"breadcrumb\":{\"@id\":\"https:\\\/\\\/sandiegoarchaeology.org\\\/baja-and-california\\\/antropologia-fisica\\\/#breadcrumb\"},\"inLanguage\":\"en-US\",\"potentialAction\":[{\"@type\":\"ReadAction\",\"target\":[\"https:\\\/\\\/sandiegoarchaeology.org\\\/baja-and-california\\\/antropologia-fisica\\\/\"]}]},{\"@type\":\"ImageObject\",\"inLanguage\":\"en-US\",\"@id\":\"https:\\\/\\\/sandiegoarchaeology.org\\\/baja-and-california\\\/antropologia-fisica\\\/#primaryimage\",\"url\":\"https:\\\/\\\/sandiegoarchaeology.org\\\/baja-and-california\\\/wp-content\\\/uploads\\\/2024\\\/07\\\/guaycura.jpg\",\"contentUrl\":\"https:\\\/\\\/sandiegoarchaeology.org\\\/baja-and-california\\\/wp-content\\\/uploads\\\/2024\\\/07\\\/guaycura.jpg\",\"width\":150,\"height\":265},{\"@type\":\"BreadcrumbList\",\"@id\":\"https:\\\/\\\/sandiegoarchaeology.org\\\/baja-and-california\\\/antropologia-fisica\\\/#breadcrumb\",\"itemListElement\":[{\"@type\":\"ListItem\",\"position\":1,\"name\":\"Home\",\"item\":\"https:\\\/\\\/sandiegoarchaeology.org\\\/baja-and-california\\\/\"},{\"@type\":\"ListItem\",\"position\":2,\"name\":\"Antropolog\u00eda F\u00edsica\"}]},{\"@type\":\"WebSite\",\"@id\":\"https:\\\/\\\/sandiegoarchaeology.org\\\/baja-and-california\\\/#website\",\"url\":\"https:\\\/\\\/sandiegoarchaeology.org\\\/baja-and-california\\\/\",\"name\":\"Baja and California\",\"description\":\"San Diego Archaeological Center\",\"potentialAction\":[{\"@type\":\"SearchAction\",\"target\":{\"@type\":\"EntryPoint\",\"urlTemplate\":\"https:\\\/\\\/sandiegoarchaeology.org\\\/baja-and-california\\\/?s={search_term_string}\"},\"query-input\":{\"@type\":\"PropertyValueSpecification\",\"valueRequired\":true,\"valueName\":\"search_term_string\"}}],\"inLanguage\":\"en-US\"}]}<\/script>\n<!-- \/ Yoast SEO plugin. -->","yoast_head_json":{"title":"Antropolog\u00eda F\u00edsica - Baja California and Southern California","description":"Descripciones sobre las caracter\u00edsticas f\u00edsicas de los nativos peninsulares pueden hallarse en las fuentes hist\u00f3ricas desde los primeros contactos europeos, pues los primeros exploradores dieron cuenta de ello,","robots":{"index":"index","follow":"follow","max-snippet":"max-snippet:-1","max-image-preview":"max-image-preview:large","max-video-preview":"max-video-preview:-1"},"canonical":"https:\/\/sandiegoarchaeology.org\/baja-and-california\/antropologia-fisica\/","og_locale":"en_US","og_type":"article","og_title":"Antropolog\u00eda F\u00edsica - Baja California and Southern California","og_description":"Descripciones sobre las caracter\u00edsticas f\u00edsicas de los nativos peninsulares pueden hallarse en las fuentes hist\u00f3ricas desde los primeros contactos europeos, pues los primeros exploradores dieron cuenta de ello,","og_url":"https:\/\/sandiegoarchaeology.org\/baja-and-california\/antropologia-fisica\/","og_site_name":"Baja California and Southern California","article_publisher":"https:\/\/www.facebook.com\/SDArchCenter\/","article_modified_time":"2024-09-12T22:39:40+00:00","og_image":[{"url":"http:\/\/sandiegoarchaeology.org\/baja-and-california\/wp-content\/uploads\/2024\/07\/guaycura.jpg","type":"","width":"","height":""}],"twitter_card":"summary_large_image","twitter_misc":{"Est. reading time":"5 minutes"},"schema":{"@context":"https:\/\/schema.org","@graph":[{"@type":"WebPage","@id":"https:\/\/sandiegoarchaeology.org\/baja-and-california\/antropologia-fisica\/","url":"https:\/\/sandiegoarchaeology.org\/baja-and-california\/antropologia-fisica\/","name":"Antropolog\u00eda F\u00edsica - Baja California and Southern California","isPartOf":{"@id":"https:\/\/sandiegoarchaeology.org\/baja-and-california\/#website"},"primaryImageOfPage":{"@id":"https:\/\/sandiegoarchaeology.org\/baja-and-california\/antropologia-fisica\/#primaryimage"},"image":{"@id":"https:\/\/sandiegoarchaeology.org\/baja-and-california\/antropologia-fisica\/#primaryimage"},"thumbnailUrl":"http:\/\/sandiegoarchaeology.org\/baja-and-california\/wp-content\/uploads\/2024\/07\/guaycura.jpg","datePublished":"2024-08-04T21:09:16+00:00","dateModified":"2024-09-12T22:39:40+00:00","description":"Descripciones sobre las caracter\u00edsticas f\u00edsicas de los nativos peninsulares pueden hallarse en las fuentes hist\u00f3ricas desde los primeros contactos europeos, pues los primeros exploradores dieron cuenta de ello,","breadcrumb":{"@id":"https:\/\/sandiegoarchaeology.org\/baja-and-california\/antropologia-fisica\/#breadcrumb"},"inLanguage":"en-US","potentialAction":[{"@type":"ReadAction","target":["https:\/\/sandiegoarchaeology.org\/baja-and-california\/antropologia-fisica\/"]}]},{"@type":"ImageObject","inLanguage":"en-US","@id":"https:\/\/sandiegoarchaeology.org\/baja-and-california\/antropologia-fisica\/#primaryimage","url":"https:\/\/sandiegoarchaeology.org\/baja-and-california\/wp-content\/uploads\/2024\/07\/guaycura.jpg","contentUrl":"https:\/\/sandiegoarchaeology.org\/baja-and-california\/wp-content\/uploads\/2024\/07\/guaycura.jpg","width":150,"height":265},{"@type":"BreadcrumbList","@id":"https:\/\/sandiegoarchaeology.org\/baja-and-california\/antropologia-fisica\/#breadcrumb","itemListElement":[{"@type":"ListItem","position":1,"name":"Home","item":"https:\/\/sandiegoarchaeology.org\/baja-and-california\/"},{"@type":"ListItem","position":2,"name":"Antropolog\u00eda F\u00edsica"}]},{"@type":"WebSite","@id":"https:\/\/sandiegoarchaeology.org\/baja-and-california\/#website","url":"https:\/\/sandiegoarchaeology.org\/baja-and-california\/","name":"Baja and California","description":"San Diego Archaeological Center","potentialAction":[{"@type":"SearchAction","target":{"@type":"EntryPoint","urlTemplate":"https:\/\/sandiegoarchaeology.org\/baja-and-california\/?s={search_term_string}"},"query-input":{"@type":"PropertyValueSpecification","valueRequired":true,"valueName":"search_term_string"}}],"inLanguage":"en-US"}]}},"acf":[],"_links":{"self":[{"href":"https:\/\/sandiegoarchaeology.org\/baja-and-california\/wp-json\/wp\/v2\/pages\/735","targetHints":{"allow":["GET"]}}],"collection":[{"href":"https:\/\/sandiegoarchaeology.org\/baja-and-california\/wp-json\/wp\/v2\/pages"}],"about":[{"href":"https:\/\/sandiegoarchaeology.org\/baja-and-california\/wp-json\/wp\/v2\/types\/page"}],"author":[{"embeddable":true,"href":"https:\/\/sandiegoarchaeology.org\/baja-and-california\/wp-json\/wp\/v2\/users\/1"}],"replies":[{"embeddable":true,"href":"https:\/\/sandiegoarchaeology.org\/baja-and-california\/wp-json\/wp\/v2\/comments?post=735"}],"version-history":[{"count":1,"href":"https:\/\/sandiegoarchaeology.org\/baja-and-california\/wp-json\/wp\/v2\/pages\/735\/revisions"}],"predecessor-version":[{"id":736,"href":"https:\/\/sandiegoarchaeology.org\/baja-and-california\/wp-json\/wp\/v2\/pages\/735\/revisions\/736"}],"wp:attachment":[{"href":"https:\/\/sandiegoarchaeology.org\/baja-and-california\/wp-json\/wp\/v2\/media?parent=735"}],"curies":[{"name":"wp","href":"https:\/\/api.w.org\/{rel}","templated":true}]}}