{"id":75,"date":"2024-07-26T17:09:52","date_gmt":"2024-07-26T17:09:52","guid":{"rendered":"https:\/\/gvu.ocl.mybluehost.me\/baja-and-california\/?page_id=75"},"modified":"2024-09-15T16:18:18","modified_gmt":"2024-09-15T16:18:18","slug":"cultural-anthropology","status":"publish","type":"page","link":"https:\/\/sandiegoarchaeology.org\/baja-and-california\/cultural-anthropology\/","title":{"rendered":"Cultural Anthropology"},"content":{"rendered":"<p><img loading=\"lazy\" decoding=\"async\" class=\"size-full wp-image-83 alignleft\" src=\"http:\/\/sandiegoarchaeology.org\/baja-and-california\/wp-content\/uploads\/2024\/07\/walking.jpg\" alt=\"\" width=\"200\" height=\"132\" \/>The rich cultural heritage of the Baja California peninsula has been shaped by its unique geography and ecosystems, a history of isolation and migration, and peoples as rugged and tenacious as the land itself. For the vast majority of human history in the peninsula, native populations have adapted their lives to the arid climate and its coastal, desert and mountain habitats through annual cycles of hunting, gathering and fishing.\u00a0<img loading=\"lazy\" decoding=\"async\" class=\"size-medium wp-image-80 alignright\" src=\"http:\/\/sandiegoarchaeology.org\/baja-and-california\/wp-content\/uploads\/2024\/07\/benitohouse.jpg\" alt=\"\" width=\"200\" height=\"133\" \/>Like other foraging groups, they were often organized in highly mobile extended family bands. Their material culture was simple enough to be packed in a fiber carrying net and moved as different resources-pitaya cactus fruit, acorns, shellfish, deer, just to name a few-came into season. Early accounts describe a diversity of cultures with different languages, oral tradition, religious beliefs, styles of dress, personal ornamentation, diet and customs.<\/p>\n<p><img loading=\"lazy\" decoding=\"async\" class=\"size-full wp-image-78 alignleft\" src=\"http:\/\/sandiegoarchaeology.org\/baja-and-california\/wp-content\/uploads\/2024\/07\/makingbasket.jpg\" alt=\"\" width=\"200\" height=\"133\" \/>With the Spanish conquest of the Californias beginning some 450 years ago, this way of life would change drastically as native peoples had to adapt to the presence of Jesuit, Franciscan and Dominican missionaries, Spanish military and settlers. Indigenous people responded to these changes in a variety of ways, some of them seeking refuge in remote areas where they continued their hunting and gathering way of life, some mixing in with the new populations, some adding livestock ranching and agriculture to their adaptive strategies.<\/p>\n<p><img loading=\"lazy\" decoding=\"async\" class=\"size-full wp-image-81 alignright\" src=\"http:\/\/sandiegoarchaeology.org\/baja-and-california\/wp-content\/uploads\/2024\/07\/altar.jpg\" alt=\"\" width=\"200\" height=\"150\" \/>The influences of this common heritage and history have shaped the culture of Baja California&#8217;s four surviving native groups. Approximately 1000 Native Baja Californians live in eight indigenous communities of the northern peninsula: the Kumiai in Juntas de Nej\u00ed, San Jose de la Zorra, San Antonio Necua and La Huerta; the Paipai in Santa Catarina and San Isidoro; the Cucap\u00e1 in El Mayor Cucap\u00e1 and the Kiliwa in Ejido Tribu Kiliwas. These groups all belong to the Yuman family of closely-related languages and cultures, a family that includes other groups of Southern California and Arizona.<\/p>\n<p>Today, the cultural landscape of the Baja California peninsula includes:<\/p>\n<ul>\n<li>the Kumiai, Paipai, Cucap\u00e1 and Kiliwa Indians, descendents of the Yuman indigenous groups;<\/li>\n<li>the Rancheros or Californios, living in isolated ranches and rural towns, descendents of the early Spanish settlers and their indigenous neighbors;<\/li>\n<li>indigenous groups originally from other parts of Mexico, including Yaqui, Mayo, Mixtec, Zapotec, Triqui, Nahuatl and other groups who have migrated to the peninsula primarily during the last century;<\/li>\n<li>descendents of Spanish, Basque, French, Italian, Russian, German, English, Chinese, North American and other settlers whose surnames can still be found in the farthest reaches of the peninsula;<\/li>\n<li>mestizos from both urban and rural areas of the Mexican mainland;<\/li>\n<li>urban populations of the peninsula&#8217;s cities<\/li>\n<li>fishing villages<\/li>\n<li>transborder communities (living in Mexico, working in the U.S.); and<\/li>\n<li>the Baja California norte\u00f1o, a hybrid of several of the previous categories.<\/li>\n<\/ul>\n<p><img loading=\"lazy\" decoding=\"async\" class=\"size-full wp-image-82 alignright\" src=\"http:\/\/sandiegoarchaeology.org\/baja-and-california\/wp-content\/uploads\/2024\/07\/hatdancers.jpg\" alt=\"\" width=\"200\" height=\"150\" \/>Cultural anthropological studies in Baja California have focused primarily on the first category, the native indigenous populations. Due to the tragic extinction of the indigenous groups of the central and southern peninsula, written accounts of those groups can only be found in the pre-ethnographic documents of the Jesuit, Franciscan and Dominican missionaries as well as occasional European explorers and military expeditions (see History).<\/p>\n<p><img loading=\"lazy\" decoding=\"async\" class=\"size-full wp-image-79 alignleft\" src=\"http:\/\/sandiegoarchaeology.org\/baja-and-california\/wp-content\/uploads\/2024\/07\/makingpots.jpg\" alt=\"\" width=\"200\" height=\"132\" \/>Ethnographic and ethnological reports on the Yuman groups begin in the twentieth century with the works of Peveril Meigs III, William Hohenthal, William Kelly, Frederic Noble Hicks, Roger C. Owen, Ralph Michelsen, Anita \u00c1lvarez Williams, Mauricio Mixco, Julia Bend\u00edmez, Don Laylander, Michael Wilken, Everardo Gardu\u00f1o, Mario Alberto Maga\u00f1a Mancillas, Jesus Angel Ochoa Zazueta, and Paul Campbell.<\/p>\n<p>Important contributions to the study of indigenous cultures appear in the special Baja California editions of the Pacific Coast Archaeological Society Quarterly while recent news of the contemporary communities can be found in the CUNA Newsletter (Native Cultures Institute of Baja California).<\/p>\n<p>\u00a9 2002 Michael Wilken-Robertson<\/p>\n","protected":false},"excerpt":{"rendered":"<p>The rich cultural heritage of the Baja California peninsula has been shaped by its unique geography and ecosystems, a history of isolation and migration, and peoples as rugged and tenacious as the land itself. For the vast majority of human history in the peninsula, native populations have adapted their lives to the arid climate and its coastal, desert and mountain habitats through annual cycles of hunting, gathering and fishing.\u00a0Like other foraging groups, they were often organized in highly mobile extended family bands. Their material culture was simple enough to be packed in a fiber carrying net and moved as different resources-pitaya cactus fruit, acorns, shellfish, deer, just to name a few-came into season. Early accounts describe a diversity of cultures with different languages, oral tradition, religious beliefs, styles of dress, personal ornamentation, diet and customs. With the Spanish conquest of the Californias beginning some 450 years ago, this way of life would change drastically as native peoples had to adapt to the presence of Jesuit, Franciscan and Dominican missionaries, Spanish military and settlers. Indigenous people responded to these changes in a variety of ways, some of them seeking refuge in remote areas where they continued their hunting and gathering way of life, some mixing in with the new populations, some adding livestock ranching and agriculture to their adaptive strategies. The influences of this common heritage and history have shaped the culture of Baja California&#8217;s four surviving native groups. Approximately 1000 Native Baja Californians live in eight indigenous communities of the northern peninsula: the Kumiai in Juntas de Nej\u00ed, San Jose de la Zorra, San Antonio Necua and La Huerta; the Paipai in Santa Catarina and San Isidoro; the Cucap\u00e1 in El Mayor Cucap\u00e1 and the Kiliwa in Ejido Tribu Kiliwas. These groups all belong to the Yuman family of closely-related languages and cultures, a family that includes other groups of Southern California and Arizona. Today, the cultural landscape of the Baja California peninsula includes: the Kumiai, Paipai, Cucap\u00e1 and Kiliwa Indians, descendents of the Yuman indigenous groups; the Rancheros or Californios, living in isolated ranches and rural towns, descendents of the early Spanish settlers and their indigenous neighbors; indigenous groups originally from other parts of Mexico, including Yaqui, Mayo, Mixtec, Zapotec, Triqui, Nahuatl and other groups who have migrated to the peninsula primarily during the last century; descendents of Spanish, Basque, French, Italian, Russian, German, English, Chinese, North American and other settlers whose surnames can still be found in the farthest reaches of the peninsula; mestizos from both urban and rural areas of the Mexican mainland; urban populations of the peninsula&#8217;s cities fishing villages transborder communities (living in Mexico, working in the U.S.); and the Baja California norte\u00f1o, a hybrid of several of the previous categories. Cultural anthropological studies in Baja California have focused primarily on the first category, the native indigenous populations. Due to the tragic extinction of the indigenous groups of the central and southern peninsula, written accounts of those groups can only be found in the pre-ethnographic documents of the Jesuit, Franciscan and Dominican missionaries as well as occasional European explorers and military expeditions (see History). Ethnographic and ethnological reports on the Yuman groups begin in the twentieth century with the works of Peveril Meigs III, William Hohenthal, William Kelly, Frederic Noble Hicks, Roger C. Owen, Ralph Michelsen, Anita \u00c1lvarez Williams, Mauricio Mixco, Julia Bend\u00edmez, Don Laylander, Michael Wilken, Everardo Gardu\u00f1o, Mario Alberto Maga\u00f1a Mancillas, Jesus Angel Ochoa Zazueta, and Paul Campbell. Important contributions to the study of indigenous cultures appear in the special Baja California editions of the Pacific Coast Archaeological Society Quarterly while recent news of the contemporary communities can be found in the CUNA Newsletter (Native Cultures Institute of Baja California). \u00a9 2002 Michael Wilken-Robertson<\/p>\n","protected":false},"author":1,"featured_media":0,"parent":0,"menu_order":0,"comment_status":"closed","ping_status":"closed","template":"","meta":{"nf_dc_page":"","footnotes":""},"class_list":["post-75","page","type-page","status-publish","hentry"],"yoast_head":"<!-- This site is optimized with the Yoast SEO plugin v27.4 - https:\/\/yoast.com\/product\/yoast-seo-wordpress\/ -->\n<title>Cultural Anthropology - Baja California and Southern California<\/title>\n<meta name=\"description\" content=\"For the vast majority of human history in Baja, native populations have adapted their lives to the arid climate.\" \/>\n<meta name=\"robots\" content=\"index, follow, max-snippet:-1, max-image-preview:large, max-video-preview:-1\" \/>\n<link rel=\"canonical\" href=\"https:\/\/sandiegoarchaeology.org\/baja-and-california\/cultural-anthropology\/\" \/>\n<meta property=\"og:locale\" content=\"en_US\" \/>\n<meta property=\"og:type\" content=\"article\" \/>\n<meta property=\"og:title\" content=\"Cultural Anthropology - Baja California and Southern California\" \/>\n<meta property=\"og:description\" content=\"For the vast majority of human history in Baja, native populations have adapted their lives to the arid climate.\" \/>\n<meta property=\"og:url\" content=\"https:\/\/sandiegoarchaeology.org\/baja-and-california\/cultural-anthropology\/\" \/>\n<meta property=\"og:site_name\" content=\"Baja California and Southern California\" \/>\n<meta property=\"article:publisher\" content=\"https:\/\/www.facebook.com\/SDArchCenter\/\" \/>\n<meta property=\"article:modified_time\" content=\"2024-09-15T16:18:18+00:00\" \/>\n<meta property=\"og:image\" content=\"http:\/\/sandiegoarchaeology.org\/baja-and-california\/wp-content\/uploads\/2024\/07\/walking.jpg\" \/>\n<meta name=\"twitter:card\" content=\"summary_large_image\" \/>\n<meta name=\"twitter:label1\" content=\"Est. reading time\" \/>\n\t<meta name=\"twitter:data1\" content=\"4 minutes\" \/>\n<script type=\"application\/ld+json\" class=\"yoast-schema-graph\">{\"@context\":\"https:\\\/\\\/schema.org\",\"@graph\":[{\"@type\":\"WebPage\",\"@id\":\"https:\\\/\\\/sandiegoarchaeology.org\\\/baja-and-california\\\/cultural-anthropology\\\/\",\"url\":\"https:\\\/\\\/sandiegoarchaeology.org\\\/baja-and-california\\\/cultural-anthropology\\\/\",\"name\":\"Cultural Anthropology - Baja California and Southern California\",\"isPartOf\":{\"@id\":\"https:\\\/\\\/sandiegoarchaeology.org\\\/baja-and-california\\\/#website\"},\"primaryImageOfPage\":{\"@id\":\"https:\\\/\\\/sandiegoarchaeology.org\\\/baja-and-california\\\/cultural-anthropology\\\/#primaryimage\"},\"image\":{\"@id\":\"https:\\\/\\\/sandiegoarchaeology.org\\\/baja-and-california\\\/cultural-anthropology\\\/#primaryimage\"},\"thumbnailUrl\":\"http:\\\/\\\/sandiegoarchaeology.org\\\/baja-and-california\\\/wp-content\\\/uploads\\\/2024\\\/07\\\/walking.jpg\",\"datePublished\":\"2024-07-26T17:09:52+00:00\",\"dateModified\":\"2024-09-15T16:18:18+00:00\",\"description\":\"For the vast majority of human history in Baja, native populations have adapted their lives to the arid climate.\",\"breadcrumb\":{\"@id\":\"https:\\\/\\\/sandiegoarchaeology.org\\\/baja-and-california\\\/cultural-anthropology\\\/#breadcrumb\"},\"inLanguage\":\"en-US\",\"potentialAction\":[{\"@type\":\"ReadAction\",\"target\":[\"https:\\\/\\\/sandiegoarchaeology.org\\\/baja-and-california\\\/cultural-anthropology\\\/\"]}]},{\"@type\":\"ImageObject\",\"inLanguage\":\"en-US\",\"@id\":\"https:\\\/\\\/sandiegoarchaeology.org\\\/baja-and-california\\\/cultural-anthropology\\\/#primaryimage\",\"url\":\"https:\\\/\\\/sandiegoarchaeology.org\\\/baja-and-california\\\/wp-content\\\/uploads\\\/2024\\\/07\\\/walking.jpg\",\"contentUrl\":\"https:\\\/\\\/sandiegoarchaeology.org\\\/baja-and-california\\\/wp-content\\\/uploads\\\/2024\\\/07\\\/walking.jpg\",\"width\":200,\"height\":132},{\"@type\":\"BreadcrumbList\",\"@id\":\"https:\\\/\\\/sandiegoarchaeology.org\\\/baja-and-california\\\/cultural-anthropology\\\/#breadcrumb\",\"itemListElement\":[{\"@type\":\"ListItem\",\"position\":1,\"name\":\"Home\",\"item\":\"https:\\\/\\\/sandiegoarchaeology.org\\\/baja-and-california\\\/\"},{\"@type\":\"ListItem\",\"position\":2,\"name\":\"Cultural Anthropology\"}]},{\"@type\":\"WebSite\",\"@id\":\"https:\\\/\\\/sandiegoarchaeology.org\\\/baja-and-california\\\/#website\",\"url\":\"https:\\\/\\\/sandiegoarchaeology.org\\\/baja-and-california\\\/\",\"name\":\"Baja and California\",\"description\":\"San Diego Archaeological Center\",\"potentialAction\":[{\"@type\":\"SearchAction\",\"target\":{\"@type\":\"EntryPoint\",\"urlTemplate\":\"https:\\\/\\\/sandiegoarchaeology.org\\\/baja-and-california\\\/?s={search_term_string}\"},\"query-input\":{\"@type\":\"PropertyValueSpecification\",\"valueRequired\":true,\"valueName\":\"search_term_string\"}}],\"inLanguage\":\"en-US\"}]}<\/script>\n<!-- \/ Yoast SEO plugin. -->","yoast_head_json":{"title":"Cultural Anthropology - Baja California and Southern California","description":"For the vast majority of human history in Baja, native populations have adapted their lives to the arid climate.","robots":{"index":"index","follow":"follow","max-snippet":"max-snippet:-1","max-image-preview":"max-image-preview:large","max-video-preview":"max-video-preview:-1"},"canonical":"https:\/\/sandiegoarchaeology.org\/baja-and-california\/cultural-anthropology\/","og_locale":"en_US","og_type":"article","og_title":"Cultural Anthropology - Baja California and Southern California","og_description":"For the vast majority of human history in Baja, native populations have adapted their lives to the arid climate.","og_url":"https:\/\/sandiegoarchaeology.org\/baja-and-california\/cultural-anthropology\/","og_site_name":"Baja California and Southern California","article_publisher":"https:\/\/www.facebook.com\/SDArchCenter\/","article_modified_time":"2024-09-15T16:18:18+00:00","og_image":[{"url":"http:\/\/sandiegoarchaeology.org\/baja-and-california\/wp-content\/uploads\/2024\/07\/walking.jpg","type":"","width":"","height":""}],"twitter_card":"summary_large_image","twitter_misc":{"Est. reading time":"4 minutes"},"schema":{"@context":"https:\/\/schema.org","@graph":[{"@type":"WebPage","@id":"https:\/\/sandiegoarchaeology.org\/baja-and-california\/cultural-anthropology\/","url":"https:\/\/sandiegoarchaeology.org\/baja-and-california\/cultural-anthropology\/","name":"Cultural Anthropology - Baja California and Southern California","isPartOf":{"@id":"https:\/\/sandiegoarchaeology.org\/baja-and-california\/#website"},"primaryImageOfPage":{"@id":"https:\/\/sandiegoarchaeology.org\/baja-and-california\/cultural-anthropology\/#primaryimage"},"image":{"@id":"https:\/\/sandiegoarchaeology.org\/baja-and-california\/cultural-anthropology\/#primaryimage"},"thumbnailUrl":"http:\/\/sandiegoarchaeology.org\/baja-and-california\/wp-content\/uploads\/2024\/07\/walking.jpg","datePublished":"2024-07-26T17:09:52+00:00","dateModified":"2024-09-15T16:18:18+00:00","description":"For the vast majority of human history in Baja, native populations have adapted their lives to the arid climate.","breadcrumb":{"@id":"https:\/\/sandiegoarchaeology.org\/baja-and-california\/cultural-anthropology\/#breadcrumb"},"inLanguage":"en-US","potentialAction":[{"@type":"ReadAction","target":["https:\/\/sandiegoarchaeology.org\/baja-and-california\/cultural-anthropology\/"]}]},{"@type":"ImageObject","inLanguage":"en-US","@id":"https:\/\/sandiegoarchaeology.org\/baja-and-california\/cultural-anthropology\/#primaryimage","url":"https:\/\/sandiegoarchaeology.org\/baja-and-california\/wp-content\/uploads\/2024\/07\/walking.jpg","contentUrl":"https:\/\/sandiegoarchaeology.org\/baja-and-california\/wp-content\/uploads\/2024\/07\/walking.jpg","width":200,"height":132},{"@type":"BreadcrumbList","@id":"https:\/\/sandiegoarchaeology.org\/baja-and-california\/cultural-anthropology\/#breadcrumb","itemListElement":[{"@type":"ListItem","position":1,"name":"Home","item":"https:\/\/sandiegoarchaeology.org\/baja-and-california\/"},{"@type":"ListItem","position":2,"name":"Cultural Anthropology"}]},{"@type":"WebSite","@id":"https:\/\/sandiegoarchaeology.org\/baja-and-california\/#website","url":"https:\/\/sandiegoarchaeology.org\/baja-and-california\/","name":"Baja and California","description":"San Diego Archaeological Center","potentialAction":[{"@type":"SearchAction","target":{"@type":"EntryPoint","urlTemplate":"https:\/\/sandiegoarchaeology.org\/baja-and-california\/?s={search_term_string}"},"query-input":{"@type":"PropertyValueSpecification","valueRequired":true,"valueName":"search_term_string"}}],"inLanguage":"en-US"}]}},"acf":[],"_links":{"self":[{"href":"https:\/\/sandiegoarchaeology.org\/baja-and-california\/wp-json\/wp\/v2\/pages\/75","targetHints":{"allow":["GET"]}}],"collection":[{"href":"https:\/\/sandiegoarchaeology.org\/baja-and-california\/wp-json\/wp\/v2\/pages"}],"about":[{"href":"https:\/\/sandiegoarchaeology.org\/baja-and-california\/wp-json\/wp\/v2\/types\/page"}],"author":[{"embeddable":true,"href":"https:\/\/sandiegoarchaeology.org\/baja-and-california\/wp-json\/wp\/v2\/users\/1"}],"replies":[{"embeddable":true,"href":"https:\/\/sandiegoarchaeology.org\/baja-and-california\/wp-json\/wp\/v2\/comments?post=75"}],"version-history":[{"count":2,"href":"https:\/\/sandiegoarchaeology.org\/baja-and-california\/wp-json\/wp\/v2\/pages\/75\/revisions"}],"predecessor-version":[{"id":84,"href":"https:\/\/sandiegoarchaeology.org\/baja-and-california\/wp-json\/wp\/v2\/pages\/75\/revisions\/84"}],"wp:attachment":[{"href":"https:\/\/sandiegoarchaeology.org\/baja-and-california\/wp-json\/wp\/v2\/media?parent=75"}],"curies":[{"name":"wp","href":"https:\/\/api.w.org\/{rel}","templated":true}]}}