{"id":96,"date":"2024-07-26T17:23:19","date_gmt":"2024-07-26T17:23:19","guid":{"rendered":"https:\/\/gvu.ocl.mybluehost.me\/baja-and-california\/?page_id=96"},"modified":"2024-09-15T16:14:04","modified_gmt":"2024-09-15T16:14:04","slug":"history","status":"publish","type":"page","link":"https:\/\/sandiegoarchaeology.org\/baja-and-california\/history\/","title":{"rendered":"History"},"content":{"rendered":"<table border=\"0\" width=\"100%\" cellspacing=\"0\" cellpadding=\"10\">\n<tbody>\n<tr>\n<td><img loading=\"lazy\" decoding=\"async\" class=\"size-full wp-image-97 alignleft\" src=\"http:\/\/sandiegoarchaeology.org\/baja-and-california\/wp-content\/uploads\/2024\/07\/missiona.gif\" alt=\"\" width=\"164\" height=\"202\" \/>The geographic space known today as the Mexican states of Baja California and Baja California Sur has passed through a long historical sequence which can be grouped into five main periods: ancient history or prehistory (discussed elsewhere), the period of explorations and initial contact (1533-1685), the mission period (1697-1822), the ranch period (1822-1870), and the contemporary period.<\/p>\n<p>In A.D. 1533, the first contact between Western culture and the peninsula\u2019s indigenous groups took place with the arrival of a group of Spanish mutineers in what is now La Paz. Between that year and 1685 there was a series of attempts at colonization backed by the authorities of New Spain (those of Hern\u00e1n Cort\u00e9s and Isidro de Antondo y Antill\u00f3n being the most notable), as well as innumerable voyages of exploration, coastal trading, piracy, and clandestine exploitation of resources. During this period the contacts were along the coast and of very brief duration, although their impact may have been greater than is currently believed.<\/p>\n<p><img loading=\"lazy\" decoding=\"async\" class=\"size-medium wp-image-98 alignright\" src=\"http:\/\/sandiegoarchaeology.org\/baja-and-california\/wp-content\/uploads\/2024\/07\/ignacio2-252x300.jpg\" alt=\"\" width=\"252\" height=\"300\" srcset=\"https:\/\/sandiegoarchaeology.org\/baja-and-california\/wp-content\/uploads\/2024\/07\/ignacio2-252x300.jpg 252w, https:\/\/sandiegoarchaeology.org\/baja-and-california\/wp-content\/uploads\/2024\/07\/ignacio2.jpg 307w\" sizes=\"auto, (max-width: 252px) 100vw, 252px\" \/>In 1697, Father Juan Mar\u00eda de Salvatierra began a new colonizing project, financed by private donations to the Society of Jesus (the Jesuits) and based on the experiences of Father Eusebio Francisco Kino, which led to the founding the Mission of Our Lady of Loreto. This would be the first of a long series of missions to be founded on the Baja California peninsula, which was then known simply as California. Between 1697 and 1767 the Jesuits founded 16 missions, encompassing practically all of what is today Baja California Sur and beginning their northward expansion with the establishment of Santa Gertrudis, San Francisco Borja and Santa Mar\u00eda de los \u00c1ngeles. Their impacts affected the native Peric\u00fa, Guaycura and Cochim\u00ed.<\/p>\n<p>After the Jesuits\u2019 expulsion, they was replaced by Franciscan missionaries who arrived in the peninsula in April 1768. The Franciscans received a royal order to found missions in the extreme north of New Spain (from San Diego Bay to San Francisco Bay) for the defense of the imperial frontier. Given these new challenges, the Franciscans reached an agreement with missionaries of the Dominican order headed by Juan Pedro de Iriarte in Spain to transfer to the Dominicans the former Jesuit missions as well as the newly-founded San Fernando Rey de Espa\u00f1a de Velicat\u00e1. Beginning in 1773, the Dominicans took charge of the Old California field and proceeded to establish missions between Velicat\u00e1 and San Diego. Between 1773 and 1836, they founded eight new missions in Baja California, in the aboriginal territories of the Cochim\u00ed, Kiliwa, Paipai, and Kumeyaay.<\/p>\n<p><img loading=\"lazy\" decoding=\"async\" class=\"size-medium wp-image-99 alignleft\" src=\"http:\/\/sandiegoarchaeology.org\/baja-and-california\/wp-content\/uploads\/2024\/07\/rosario2-300x176.jpg\" alt=\"\" width=\"300\" height=\"176\" srcset=\"https:\/\/sandiegoarchaeology.org\/baja-and-california\/wp-content\/uploads\/2024\/07\/rosario2-300x176.jpg 300w, https:\/\/sandiegoarchaeology.org\/baja-and-california\/wp-content\/uploads\/2024\/07\/rosario2.jpg 377w\" sizes=\"auto, (max-width: 300px) 100vw, 300px\" \/>During the first quarter of the nineteenth century, the mission system began a constantly accelerating process of decay, leading to the closing of most of the missions by the decade of the 1820s. As a consequence, the inhabitants who had settled in the mission areas became cattle ranchers and carried on small-scale agriculture, which was basically a continuation of the mission orchards. As a result of the loss of the priests and neglect by the Mexican authorities, an impoverished ranching society developed with close ties to the indigenous groups, especially in the northern part of the peninsula. During the first three-quarters of the nineteenth century, native leaders-known at the time as captains-were ever more in evidence. The United States\u2019 war against Mexico and the treaty of Guadalupe-Hidalgo also created new conditions in the extreme north of the peninsula as that area passed from being a marginal internal region to an international border.<\/p>\n<p>By 1870 gold was discovered in Real del Castillo, radically altering the social and economic dynamics of the region. Added to this, the penetration of US capitalism into the area of the Colorado River after the middle of the nineteenth century had also changed the economic relations among the region\u2019s inhabitants, particularly the Cocopa. Before long, the present state of Baja California &#8212; known formerly as the\u00a0<i>Partido Norte<\/i>\u00a0(Northern Section) and later as the\u00a0<i>Distrito Norte<\/i>\u00a0(Northern District) of Baja California &#8212; was immersed in economic changes due to foreign investment in mines, saltworks, agriculture, commerce, and real estate development. By 1915 this continuing dynamic led to the moving of the state capital to Mexicali, an enclave of cotton and contraband tied to the southwestern United States.<\/p>\n<p>Following the serious national unrest caused by the Mexican Revolution, the decades of the 1930s and 1940s brought sweeping changes to the region, with a growing participation of the federal government in local affairs. For indigenous groups this would involve the most aggressive pressure yet against their traditional cultures, because of the idea of homogenization for everything Mexican. Faced with US influence, it was necessary to create or reinforce a Mexican national identity in the border regions, and the indigenous people were considered to be the least Mexican. Furthermore, the agrarian reform movement forced many native groups to concentrate their populations within their last territorial refuges.<\/p>\n<p>Among the numerous detailed modern accounts for the various periods of Baja California&#8217;s history, the writings of Pablo L. Mart\u00ednez (1956), W. Michael Mathes (1977), Ignacio del R\u00edo (1984, 1985), and Harry Crosby (1994) are fundamental, along with general works such as that of David Pi\u00f1era Ram\u00edrez (1983a). Also, many of the original sources have been made available through compilations and facsimile editions, particularly by W. Michael Mathes, Ernest J. Burrus, Miguel Le\u00f3n-Portilla, Eligio Mois\u00e9s Coronado, and Amado Aguirre, as well as the editions of UNAM, UABC (notably the &#8220;Baja California: Nuestra Historia&#8221; collection, directed by Aid\u00e9 Grijalva), UABCS, Jos\u00e9 Porr\u00faa Turanzas, Doce Calles, and Glen Dawson.<\/p>\n<p>\u00a9 2002 Mario Alberto Maga\u00f1a Mancillas<\/p>\n<p>(Translated by Michael Wilken-Robertson)<\/td>\n<\/tr>\n<\/tbody>\n<\/table>\n<p>&nbsp;<\/p>\n","protected":false},"excerpt":{"rendered":"<p>The geographic space known today as the Mexican states of Baja California and Baja California Sur has passed through a long historical sequence which can be grouped into five main periods: ancient history or prehistory (discussed elsewhere), the period of explorations and initial contact (1533-1685), the mission period (1697-1822), the ranch period (1822-1870), and the contemporary period. In A.D. 1533, the first contact between Western culture and the peninsula\u2019s indigenous groups took place with the arrival of a group of Spanish mutineers in what is now La Paz. Between that year and 1685 there was a series of attempts at colonization backed by the authorities of New Spain (those of Hern\u00e1n Cort\u00e9s and Isidro de Antondo y Antill\u00f3n being the most notable), as well as innumerable voyages of exploration, coastal trading, piracy, and clandestine exploitation of resources. During this period the contacts were along the coast and of very brief duration, although their impact may have been greater than is currently believed. In 1697, Father Juan Mar\u00eda de Salvatierra began a new colonizing project, financed by private donations to the Society of Jesus (the Jesuits) and based on the experiences of Father Eusebio Francisco Kino, which led to the founding the Mission of Our Lady of Loreto. This would be the first of a long series of missions to be founded on the Baja California peninsula, which was then known simply as California. Between 1697 and 1767 the Jesuits founded 16 missions, encompassing practically all of what is today Baja California Sur and beginning their northward expansion with the establishment of Santa Gertrudis, San Francisco Borja and Santa Mar\u00eda de los \u00c1ngeles. Their impacts affected the native Peric\u00fa, Guaycura and Cochim\u00ed. After the Jesuits\u2019 expulsion, they was replaced by Franciscan missionaries who arrived in the peninsula in April 1768. The Franciscans received a royal order to found missions in the extreme north of New Spain (from San Diego Bay to San Francisco Bay) for the defense of the imperial frontier. Given these new challenges, the Franciscans reached an agreement with missionaries of the Dominican order headed by Juan Pedro de Iriarte in Spain to transfer to the Dominicans the former Jesuit missions as well as the newly-founded San Fernando Rey de Espa\u00f1a de Velicat\u00e1. Beginning in 1773, the Dominicans took charge of the Old California field and proceeded to establish missions between Velicat\u00e1 and San Diego. Between 1773 and 1836, they founded eight new missions in Baja California, in the aboriginal territories of the Cochim\u00ed, Kiliwa, Paipai, and Kumeyaay. During the first quarter of the nineteenth century, the mission system began a constantly accelerating process of decay, leading to the closing of most of the missions by the decade of the 1820s. As a consequence, the inhabitants who had settled in the mission areas became cattle ranchers and carried on small-scale agriculture, which was basically a continuation of the mission orchards. As a result of the loss of the priests and neglect by the Mexican authorities, an impoverished ranching society developed with close ties to the indigenous groups, especially in the northern part of the peninsula. During the first three-quarters of the nineteenth century, native leaders-known at the time as captains-were ever more in evidence. The United States\u2019 war against Mexico and the treaty of Guadalupe-Hidalgo also created new conditions in the extreme north of the peninsula as that area passed from being a marginal internal region to an international border. By 1870 gold was discovered in Real del Castillo, radically altering the social and economic dynamics of the region. Added to this, the penetration of US capitalism into the area of the Colorado River after the middle of the nineteenth century had also changed the economic relations among the region\u2019s inhabitants, particularly the Cocopa. Before long, the present state of Baja California &#8212; known formerly as the\u00a0Partido Norte\u00a0(Northern Section) and later as the\u00a0Distrito Norte\u00a0(Northern District) of Baja California &#8212; was immersed in economic changes due to foreign investment in mines, saltworks, agriculture, commerce, and real estate development. By 1915 this continuing dynamic led to the moving of the state capital to Mexicali, an enclave of cotton and contraband tied to the southwestern United States. Following the serious national unrest caused by the Mexican Revolution, the decades of the 1930s and 1940s brought sweeping changes to the region, with a growing participation of the federal government in local affairs. For indigenous groups this would involve the most aggressive pressure yet against their traditional cultures, because of the idea of homogenization for everything Mexican. Faced with US influence, it was necessary to create or reinforce a Mexican national identity in the border regions, and the indigenous people were considered to be the least Mexican. Furthermore, the agrarian reform movement forced many native groups to concentrate their populations within their last territorial refuges. Among the numerous detailed modern accounts for the various periods of Baja California&#8217;s history, the writings of Pablo L. Mart\u00ednez (1956), W. Michael Mathes (1977), Ignacio del R\u00edo (1984, 1985), and Harry Crosby (1994) are fundamental, along with general works such as that of David Pi\u00f1era Ram\u00edrez (1983a). Also, many of the original sources have been made available through compilations and facsimile editions, particularly by W. Michael Mathes, Ernest J. Burrus, Miguel Le\u00f3n-Portilla, Eligio Mois\u00e9s Coronado, and Amado Aguirre, as well as the editions of UNAM, UABC (notably the &#8220;Baja California: Nuestra Historia&#8221; collection, directed by Aid\u00e9 Grijalva), UABCS, Jos\u00e9 Porr\u00faa Turanzas, Doce Calles, and Glen Dawson. \u00a9 2002 Mario Alberto Maga\u00f1a Mancillas (Translated by Michael Wilken-Robertson) &nbsp;<\/p>\n","protected":false},"author":1,"featured_media":0,"parent":0,"menu_order":0,"comment_status":"closed","ping_status":"closed","template":"","meta":{"nf_dc_page":"","footnotes":""},"class_list":["post-96","page","type-page","status-publish","hentry"],"yoast_head":"<!-- This site is optimized with the Yoast SEO plugin v27.4 - https:\/\/yoast.com\/product\/yoast-seo-wordpress\/ -->\n<title>History - Baja California and Southern California<\/title>\n<meta name=\"description\" content=\"The Mexican states of Baja California and Baja California Sur has passed through a long historical sequence.\" \/>\n<meta name=\"robots\" content=\"index, follow, max-snippet:-1, max-image-preview:large, max-video-preview:-1\" \/>\n<link rel=\"canonical\" href=\"https:\/\/sandiegoarchaeology.org\/baja-and-california\/history\/\" \/>\n<meta property=\"og:locale\" content=\"en_US\" \/>\n<meta property=\"og:type\" content=\"article\" \/>\n<meta property=\"og:title\" content=\"History - Baja California and Southern California\" \/>\n<meta property=\"og:description\" content=\"The Mexican states of Baja California and Baja California Sur has passed through a long historical sequence.\" \/>\n<meta property=\"og:url\" content=\"https:\/\/sandiegoarchaeology.org\/baja-and-california\/history\/\" \/>\n<meta property=\"og:site_name\" content=\"Baja California and Southern California\" \/>\n<meta property=\"article:publisher\" content=\"https:\/\/www.facebook.com\/SDArchCenter\/\" \/>\n<meta property=\"article:modified_time\" content=\"2024-09-15T16:14:04+00:00\" \/>\n<meta property=\"og:image\" content=\"http:\/\/sandiegoarchaeology.org\/baja-and-california\/wp-content\/uploads\/2024\/07\/missiona.gif\" \/>\n<meta name=\"twitter:card\" content=\"summary_large_image\" \/>\n<meta name=\"twitter:label1\" content=\"Est. reading time\" \/>\n\t<meta name=\"twitter:data1\" content=\"5 minutes\" \/>\n<script type=\"application\/ld+json\" class=\"yoast-schema-graph\">{\"@context\":\"https:\\\/\\\/schema.org\",\"@graph\":[{\"@type\":\"WebPage\",\"@id\":\"https:\\\/\\\/sandiegoarchaeology.org\\\/baja-and-california\\\/history\\\/\",\"url\":\"https:\\\/\\\/sandiegoarchaeology.org\\\/baja-and-california\\\/history\\\/\",\"name\":\"History - Baja California and Southern California\",\"isPartOf\":{\"@id\":\"https:\\\/\\\/sandiegoarchaeology.org\\\/baja-and-california\\\/#website\"},\"primaryImageOfPage\":{\"@id\":\"https:\\\/\\\/sandiegoarchaeology.org\\\/baja-and-california\\\/history\\\/#primaryimage\"},\"image\":{\"@id\":\"https:\\\/\\\/sandiegoarchaeology.org\\\/baja-and-california\\\/history\\\/#primaryimage\"},\"thumbnailUrl\":\"http:\\\/\\\/sandiegoarchaeology.org\\\/baja-and-california\\\/wp-content\\\/uploads\\\/2024\\\/07\\\/missiona.gif\",\"datePublished\":\"2024-07-26T17:23:19+00:00\",\"dateModified\":\"2024-09-15T16:14:04+00:00\",\"description\":\"The Mexican states of Baja California and Baja California Sur has passed through a long historical sequence.\",\"breadcrumb\":{\"@id\":\"https:\\\/\\\/sandiegoarchaeology.org\\\/baja-and-california\\\/history\\\/#breadcrumb\"},\"inLanguage\":\"en-US\",\"potentialAction\":[{\"@type\":\"ReadAction\",\"target\":[\"https:\\\/\\\/sandiegoarchaeology.org\\\/baja-and-california\\\/history\\\/\"]}]},{\"@type\":\"ImageObject\",\"inLanguage\":\"en-US\",\"@id\":\"https:\\\/\\\/sandiegoarchaeology.org\\\/baja-and-california\\\/history\\\/#primaryimage\",\"url\":\"https:\\\/\\\/sandiegoarchaeology.org\\\/baja-and-california\\\/wp-content\\\/uploads\\\/2024\\\/07\\\/missiona.gif\",\"contentUrl\":\"https:\\\/\\\/sandiegoarchaeology.org\\\/baja-and-california\\\/wp-content\\\/uploads\\\/2024\\\/07\\\/missiona.gif\",\"width\":164,\"height\":202},{\"@type\":\"BreadcrumbList\",\"@id\":\"https:\\\/\\\/sandiegoarchaeology.org\\\/baja-and-california\\\/history\\\/#breadcrumb\",\"itemListElement\":[{\"@type\":\"ListItem\",\"position\":1,\"name\":\"Home\",\"item\":\"https:\\\/\\\/sandiegoarchaeology.org\\\/baja-and-california\\\/\"},{\"@type\":\"ListItem\",\"position\":2,\"name\":\"History\"}]},{\"@type\":\"WebSite\",\"@id\":\"https:\\\/\\\/sandiegoarchaeology.org\\\/baja-and-california\\\/#website\",\"url\":\"https:\\\/\\\/sandiegoarchaeology.org\\\/baja-and-california\\\/\",\"name\":\"Baja and California\",\"description\":\"San Diego Archaeological Center\",\"potentialAction\":[{\"@type\":\"SearchAction\",\"target\":{\"@type\":\"EntryPoint\",\"urlTemplate\":\"https:\\\/\\\/sandiegoarchaeology.org\\\/baja-and-california\\\/?s={search_term_string}\"},\"query-input\":{\"@type\":\"PropertyValueSpecification\",\"valueRequired\":true,\"valueName\":\"search_term_string\"}}],\"inLanguage\":\"en-US\"}]}<\/script>\n<!-- \/ Yoast SEO plugin. -->","yoast_head_json":{"title":"History - Baja California and Southern California","description":"The Mexican states of Baja California and Baja California Sur has passed through a long historical sequence.","robots":{"index":"index","follow":"follow","max-snippet":"max-snippet:-1","max-image-preview":"max-image-preview:large","max-video-preview":"max-video-preview:-1"},"canonical":"https:\/\/sandiegoarchaeology.org\/baja-and-california\/history\/","og_locale":"en_US","og_type":"article","og_title":"History - Baja California and Southern California","og_description":"The Mexican states of Baja California and Baja California Sur has passed through a long historical sequence.","og_url":"https:\/\/sandiegoarchaeology.org\/baja-and-california\/history\/","og_site_name":"Baja California and Southern California","article_publisher":"https:\/\/www.facebook.com\/SDArchCenter\/","article_modified_time":"2024-09-15T16:14:04+00:00","og_image":[{"url":"http:\/\/sandiegoarchaeology.org\/baja-and-california\/wp-content\/uploads\/2024\/07\/missiona.gif","type":"","width":"","height":""}],"twitter_card":"summary_large_image","twitter_misc":{"Est. reading time":"5 minutes"},"schema":{"@context":"https:\/\/schema.org","@graph":[{"@type":"WebPage","@id":"https:\/\/sandiegoarchaeology.org\/baja-and-california\/history\/","url":"https:\/\/sandiegoarchaeology.org\/baja-and-california\/history\/","name":"History - Baja California and Southern California","isPartOf":{"@id":"https:\/\/sandiegoarchaeology.org\/baja-and-california\/#website"},"primaryImageOfPage":{"@id":"https:\/\/sandiegoarchaeology.org\/baja-and-california\/history\/#primaryimage"},"image":{"@id":"https:\/\/sandiegoarchaeology.org\/baja-and-california\/history\/#primaryimage"},"thumbnailUrl":"http:\/\/sandiegoarchaeology.org\/baja-and-california\/wp-content\/uploads\/2024\/07\/missiona.gif","datePublished":"2024-07-26T17:23:19+00:00","dateModified":"2024-09-15T16:14:04+00:00","description":"The Mexican states of Baja California and Baja California Sur has passed through a long historical sequence.","breadcrumb":{"@id":"https:\/\/sandiegoarchaeology.org\/baja-and-california\/history\/#breadcrumb"},"inLanguage":"en-US","potentialAction":[{"@type":"ReadAction","target":["https:\/\/sandiegoarchaeology.org\/baja-and-california\/history\/"]}]},{"@type":"ImageObject","inLanguage":"en-US","@id":"https:\/\/sandiegoarchaeology.org\/baja-and-california\/history\/#primaryimage","url":"https:\/\/sandiegoarchaeology.org\/baja-and-california\/wp-content\/uploads\/2024\/07\/missiona.gif","contentUrl":"https:\/\/sandiegoarchaeology.org\/baja-and-california\/wp-content\/uploads\/2024\/07\/missiona.gif","width":164,"height":202},{"@type":"BreadcrumbList","@id":"https:\/\/sandiegoarchaeology.org\/baja-and-california\/history\/#breadcrumb","itemListElement":[{"@type":"ListItem","position":1,"name":"Home","item":"https:\/\/sandiegoarchaeology.org\/baja-and-california\/"},{"@type":"ListItem","position":2,"name":"History"}]},{"@type":"WebSite","@id":"https:\/\/sandiegoarchaeology.org\/baja-and-california\/#website","url":"https:\/\/sandiegoarchaeology.org\/baja-and-california\/","name":"Baja and California","description":"San Diego Archaeological Center","potentialAction":[{"@type":"SearchAction","target":{"@type":"EntryPoint","urlTemplate":"https:\/\/sandiegoarchaeology.org\/baja-and-california\/?s={search_term_string}"},"query-input":{"@type":"PropertyValueSpecification","valueRequired":true,"valueName":"search_term_string"}}],"inLanguage":"en-US"}]}},"acf":[],"_links":{"self":[{"href":"https:\/\/sandiegoarchaeology.org\/baja-and-california\/wp-json\/wp\/v2\/pages\/96","targetHints":{"allow":["GET"]}}],"collection":[{"href":"https:\/\/sandiegoarchaeology.org\/baja-and-california\/wp-json\/wp\/v2\/pages"}],"about":[{"href":"https:\/\/sandiegoarchaeology.org\/baja-and-california\/wp-json\/wp\/v2\/types\/page"}],"author":[{"embeddable":true,"href":"https:\/\/sandiegoarchaeology.org\/baja-and-california\/wp-json\/wp\/v2\/users\/1"}],"replies":[{"embeddable":true,"href":"https:\/\/sandiegoarchaeology.org\/baja-and-california\/wp-json\/wp\/v2\/comments?post=96"}],"version-history":[{"count":1,"href":"https:\/\/sandiegoarchaeology.org\/baja-and-california\/wp-json\/wp\/v2\/pages\/96\/revisions"}],"predecessor-version":[{"id":100,"href":"https:\/\/sandiegoarchaeology.org\/baja-and-california\/wp-json\/wp\/v2\/pages\/96\/revisions\/100"}],"wp:attachment":[{"href":"https:\/\/sandiegoarchaeology.org\/baja-and-california\/wp-json\/wp\/v2\/media?parent=96"}],"curies":[{"name":"wp","href":"https:\/\/api.w.org\/{rel}","templated":true}]}}